{"id":131,"date":"2018-05-17T06:29:12","date_gmt":"2018-05-17T06:29:12","guid":{"rendered":"http:\/\/jks-erp.de\/?page_id=131"},"modified":"2022-07-28T06:37:05","modified_gmt":"2022-07-28T06:37:05","slug":"ogs","status":"publish","type":"page","link":"https:\/\/jks-erp.de\/?page_id=131","title":{"rendered":"OGS"},"content":{"rendered":"\n<div class=\"wp-block-image is-style-rounded\"><figure class=\"aligncenter size-large is-resized\"><img loading=\"lazy\" decoding=\"async\" src=\"http:\/\/jks-erp.de\/wp-content\/uploads\/2021\/09\/OGS-Gartenansicht.png\" alt=\"\" class=\"wp-image-1855\" width=\"255\" height=\"191\"\/><\/figure><\/div>\n\n\n\n<p class=\"has-text-align-center has-primary-color has-text-color has-large-font-size\"><strong>OGS der JKS<\/strong><\/p>\n\n\n\n<p class=\"has-text-align-center has-small-font-size\">Tr\u00e4ger der OGS ist der schulinterne Betreuungsverein<\/p>\n\n\n\n<p class=\"has-primary-color has-text-color\"><em>Im Sinne von Janusz Korczak verstehen wir auch unsere Offene Ganztagsschule als Ort des Lebens, Lernens und Lachens. Die Kinder sollen sich gl\u00fccklich und geborgen f\u00fchlen und in einer gel\u00f6sten Atmosph\u00e4re die Chance zum sozialen Lernen in der Gemeinschaft und zum ganzt\u00e4gigen Lernen durch vielerlei Angebote erhalten. Bei uns werden sie in allen Bereichen der schulischen Bildung gef\u00f6rdert und gefordert und ihre sozialen und emotionalen Kompetenzen ausgebildet. Jedes Kind soll im Rahmen seiner M\u00f6glichkeiten individuelle Lern-, Leistungs- und Entwicklungsziele erreichen. Seine F\u00e4higkeiten werden akzeptiert und gew\u00fcrdigt.<\/em><\/p>\n\n\n\n<p class=\"has-text-align-center has-text-color\" style=\"color:#a30035\"><em>\u201eHabe Mut zu dir selbst und suche deinen eigenen Weg.\u201c (Janusz-Korczak)<\/em><\/p>\n\n\n\n<p><\/p>\n\n\n\n<p class=\"has-text-align-center has-primary-color has-text-color has-medium-font-size\"><strong>Unser Betreuungskonzept<\/strong><\/p>\n\n\n\n<p>Die Ganztagsgruppe soll f\u00fcr die Kinder Lebens- und Entfaltungsraum sein. Deshalb ist unser Betreuungskonzept an das sogenannte Kinderhaus-Konzept angelehnt. Die altersgemischte Gruppe der OGS ist ein wichtiges Instrument zum Erlernen eines demokratischen Miteinanders und zum Ein\u00fcben sozialer Umgangsformen. \u00c4ltere Kinder k\u00f6nnen sich verantwortungsbewusst um die \u201eKleinen\u201c k\u00fcmmern, die j\u00fcngeren Kinder orientieren sich an den \u201eGro\u00dfen\u201c, das hei\u00dft sie lernen voneinander und miteinander. W\u00fcnsche und Ideen der Kinder werden aufgenommen, Probleme gemeinsam besprochen und L\u00f6sungen gefunden. Genau wie beim Klassenrat und der Sch\u00fclerkonferenz in der Schule werden die Bed\u00fcrfnisse der Kinder ernst genommen. Alle Betreuungskr\u00e4fte sind&nbsp;&nbsp; f\u00fcr alle OGS-Kinder Ansprechpartner\/innen und bieten den Kinder dadurch Sicherheit.<\/p>\n\n\n\n<p>Bedingt durch den Ganztag ben\u00f6tigen die Kinder neben einer besonderen Strukturierung des Tages einen Rahmen, der ihre individuellen Bed\u00fcrfnisse ber\u00fccksichtigt. Unser Betreuungshaus verf\u00fcgt deshalb \u00fcber ein gro\u00dfes, vielf\u00e4ltiges Raumangebot, das die Kinder interessenorientiert nutzen. Sie k\u00f6nnen zwischen Entspannungs- und Ruhezonen, kreativen Ecken, Bewegungsr\u00e4umen und dem Au\u00dfengel\u00e4nde w\u00e4hlen.<\/p>\n\n\n\n<p>Besonderen Wert legen wir auf eine Schulgemeinschaft, die durch Teamarbeit gepr\u00e4gt ist.<\/p>\n\n\n\n<p>Im Rahmen der OGS gibt es f\u00fcr das 1. und 2. Schuljahr die M\u00f6glichkeit einer Kernzeitbetreuung bis 13:00 Uhr.<\/p>\n\n\n\n<p>Diese Kinder k\u00f6nnen auch an unserem Mittagessen teilnehmen; machen aber keine Hausaufgaben in der Betreuung und haben keinen Betreuungsanspruch an beweglichen Ferientagen und in den Schulferien.<\/p>\n\n\n\n<p><\/p>\n\n\n\n<p><strong><em>(Bitte beachten: Besondere Ereignisse\/Umst\u00e4nde k\u00f6nnen zu ver\u00e4nderten Betreuungsabl\u00e4ufen f\u00fchren)<\/em><\/strong><\/p>\n\n\n\n<div class=\"wp-block-image is-style-rounded\"><figure class=\"aligncenter size-large is-resized\"><img loading=\"lazy\" decoding=\"async\" src=\"http:\/\/jks-erp.de\/wp-content\/uploads\/2021\/09\/OGS-Haus-1-1024x768.jpg\" alt=\"\" class=\"wp-image-1857\" width=\"291\" height=\"219\" srcset=\"https:\/\/jks-erp.de\/wp-content\/uploads\/2021\/09\/OGS-Haus-1-1024x768.jpg 1024w, https:\/\/jks-erp.de\/wp-content\/uploads\/2021\/09\/OGS-Haus-1-300x225.jpg 300w, https:\/\/jks-erp.de\/wp-content\/uploads\/2021\/09\/OGS-Haus-1-768x576.jpg 768w, https:\/\/jks-erp.de\/wp-content\/uploads\/2021\/09\/OGS-Haus-1-1536x1152.jpg 1536w, https:\/\/jks-erp.de\/wp-content\/uploads\/2021\/09\/OGS-Haus-1-2048x1536.jpg 2048w\" sizes=\"auto, (max-width: 291px) 100vw, 291px\" \/><\/figure><\/div>\n\n\n\n<p class=\"has-text-align-center has-primary-color has-text-color has-medium-font-size\"><strong>Neue Tagestruktur<\/strong>  <\/p>\n\n\n\n<div class=\"wp-block-image\"><figure class=\"aligncenter size-large is-resized\"><img loading=\"lazy\" decoding=\"async\" src=\"http:\/\/jks-erp.de\/wp-content\/uploads\/2021\/09\/Gluehbirne.png\" alt=\"\" class=\"wp-image-1831\" width=\"70\" height=\"83\"\/><figcaption>     <\/figcaption><\/figure><\/div>\n\n\n\n<p>Ab August 2021 gibt es an unserer Schule eine neue Tagesstruktur.<\/p>\n\n\n\n<p>Alle Klassen einer Jahrgangsstufe haben einen einheitlichen Tagesablauf mit festen Essens-, \u00dcbe-, und Freispielzeiten. Es gibt feste Stufenteams, bestehend aus einer Stufenpartnerin, die t\u00e4glich die Stufe betreut und &nbsp;durch p\u00e4dagogische Kr\u00e4fte unterst\u00fctzt wird. Somit haben die Kinder gleichbleibende Bezugspersonen, besonders beim Mittagessen und in der \u00dcbezeit. <\/p>\n\n\n\n<p>Ein Vorteil der neuen Tagesstruktur ist, dass die Kinder mehr Kontaktm\u00f6glichkeiten auf Stufenebene haben.<\/p>\n\n\n\n<p><\/p>\n\n\n\n<p><\/p>\n\n\n\n<p class=\"has-text-align-center has-primary-color has-text-color has-medium-font-size\"><strong>Mittagessen<\/strong>   <\/p>\n\n\n\n<div class=\"wp-block-image\"><figure class=\"aligncenter size-large is-resized\"><img loading=\"lazy\" decoding=\"async\" src=\"http:\/\/jks-erp.de\/wp-content\/uploads\/2021\/09\/Mittagessen-Smile-1.png\" alt=\"\" class=\"wp-image-1833\" width=\"133\" height=\"84\"\/><\/figure><\/div>\n\n\n\n<p>Wir bieten jeden Tag ein gesundes, abwechslungsreiches und warmes Mittagessen an. Dieses Mittagessen wird von einem mit einem Biosiegel zertifizierten Caterer geliefert. Das Unternehmen hat sich unter Ber\u00fccksichtigung der Richtlinien der Deutschen Gesellschaft f\u00fcr Ern\u00e4hrung auf die Zubereitung von Speisen f\u00fcr Kinder und Sch\u00fcler spezialisiert.<\/p>\n\n\n\n<p>In dem Catererteam arbeitet ein staatlich gepr\u00fcfter Di\u00e4tkoch, so dass auf verschiedene Allergien\/Krankheiten von Kindern als auch auf besonderes Essen z.B. f\u00fcr Vegetarier und Muslime R\u00fccksicht genommen werden kann.<\/p>\n\n\n\n<p>Beim Essen werden die Kinder sowohl von Betreuungskr\u00e4ften, als auch von K\u00fcchenkr\u00e4ften begleitet.<\/p>\n\n\n\n<p><\/p>\n\n\n\n<p><\/p>\n\n\n\n<p class=\"has-text-align-center has-primary-color has-text-color has-medium-font-size\"><strong>\u00dcbezeit\/Hausaufgaben<\/strong><\/p>\n\n\n\n<div class=\"wp-block-image\"><figure class=\"aligncenter size-large is-resized\"><img loading=\"lazy\" decoding=\"async\" src=\"http:\/\/jks-erp.de\/wp-content\/uploads\/2021\/09\/Hefte.png\" alt=\"\" class=\"wp-image-1834\" width=\"61\" height=\"61\" srcset=\"https:\/\/jks-erp.de\/wp-content\/uploads\/2021\/09\/Hefte.png 118w, https:\/\/jks-erp.de\/wp-content\/uploads\/2021\/09\/Hefte-90x90.png 90w, https:\/\/jks-erp.de\/wp-content\/uploads\/2021\/09\/Hefte-75x75.png 75w\" sizes=\"auto, (max-width: 61px) 100vw, 61px\" \/><\/figure><\/div>\n\n\n\n<p>Die Kinder bearbeiten ihre Hausaufgaben in einem festgelegten Zeitfenster in jahrgangsdifferenzierten Gruppen in einem Klassenraum des entsprechenden Jahrganges. Das hat den Vorteil, dass die Arbeitsmaterialien, die die Kinder aus dem Vormittag kennen, auch f\u00fcr die Hausaufgaben genutzt werden k\u00f6nnen. Dabei wird darauf geachtet, dass alle ohne Ablenkung z\u00fcgig und ruhig arbeiten k\u00f6nnen. Bei Schwierigkeiten erhalten die Kinder Hilfe von den Erwachsenen oder den anderen Kindern.<\/p>\n\n\n\n<p>Jeder Jahrgang wird von den gleichen p\u00e4dagogischen Kr\u00e4ften\/Lehrkr\u00e4ften betreut; diese tauschen sich regelm\u00e4\u00dfig mit den zust\u00e4ndigen Klassenlehrinnen aus.<\/p>\n\n\n\n<p><\/p>\n\n\n\n<p><\/p>\n\n\n\n<p class=\"has-text-align-center has-primary-color has-text-color has-medium-font-size\"><strong>Ferienbetreuung<\/strong><\/p>\n\n\n\n<div class=\"wp-block-image\"><figure class=\"aligncenter size-large is-resized\"><img loading=\"lazy\" decoding=\"async\" src=\"http:\/\/jks-erp.de\/wp-content\/uploads\/2021\/09\/Sonne.png\" alt=\"\" class=\"wp-image-1835\" width=\"77\" height=\"71\"\/><\/figure><\/div>\n\n\n\n<p>Wir organisieren die Betreuung in den Herbst- und Osterferien in Kooperation mit den Betreuungsvereinen der Grundschulen Liblar, Bliesheim und Lechenich S\u00fcd. Diese finden in den R\u00e4umlichkeiten der Donatusschule in Liblar statt.<\/p>\n\n\n\n<p><strong>Dieses Angebot gilt nur f\u00fcr die Kinder der Ganztagsbetreuung.<\/strong><\/p>\n\n\n\n<p>Seit Sommer 2019 organisieren wir ebenso Sommerferienspiele und kooperieren dabei mit den oben genannten Schulen.<\/p>\n\n\n\n<p><strong>Die Anmeldeformulare werden auf der Schulhomepage bereitgestellt und aktualisiert.<\/strong><\/p>\n","protected":false},"excerpt":{"rendered":"<p>OGS der JKS Tr\u00e4ger der OGS ist der schulinterne Betreuungsverein Im Sinne von Janusz Korczak verstehen wir auch unsere Offene Ganztagsschule als Ort des Lebens, Lernens und Lachens. Die Kinder sollen sich gl\u00fccklich und geborgen f\u00fchlen und in einer gel\u00f6sten Atmosph\u00e4re die Chance zum sozialen Lernen in der Gemeinschaft und zum ganzt\u00e4gigen Lernen durch vielerlei Angebote erhalten. Bei uns werden<\/p>\n","protected":false},"author":3,"featured_media":0,"parent":0,"menu_order":0,"comment_status":"closed","ping_status":"closed","template":"","meta":{"ngg_post_thumbnail":0,"footnotes":""},"class_list":["post-131","page","type-page","status-publish","hentry"],"_links":{"self":[{"href":"https:\/\/jks-erp.de\/index.php?rest_route=\/wp\/v2\/pages\/131","targetHints":{"allow":["GET"]}}],"collection":[{"href":"https:\/\/jks-erp.de\/index.php?rest_route=\/wp\/v2\/pages"}],"about":[{"href":"https:\/\/jks-erp.de\/index.php?rest_route=\/wp\/v2\/types\/page"}],"author":[{"embeddable":true,"href":"https:\/\/jks-erp.de\/index.php?rest_route=\/wp\/v2\/users\/3"}],"replies":[{"embeddable":true,"href":"https:\/\/jks-erp.de\/index.php?rest_route=%2Fwp%2Fv2%2Fcomments&post=131"}],"version-history":[{"count":18,"href":"https:\/\/jks-erp.de\/index.php?rest_route=\/wp\/v2\/pages\/131\/revisions"}],"predecessor-version":[{"id":2432,"href":"https:\/\/jks-erp.de\/index.php?rest_route=\/wp\/v2\/pages\/131\/revisions\/2432"}],"wp:attachment":[{"href":"https:\/\/jks-erp.de\/index.php?rest_route=%2Fwp%2Fv2%2Fmedia&parent=131"}],"curies":[{"name":"wp","href":"https:\/\/api.w.org\/{rel}","templated":true}]}}