{"id":1560,"date":"2021-03-12T12:23:08","date_gmt":"2021-03-12T12:23:08","guid":{"rendered":"http:\/\/jks-erp.de\/?page_id=1560"},"modified":"2025-09-10T10:53:39","modified_gmt":"2025-09-10T10:53:39","slug":"schulneulinge-2021-2022","status":"publish","type":"page","link":"https:\/\/jks-erp.de\/?page_id=1560","title":{"rendered":"Pilotprojekt &#8211; FreiDay"},"content":{"rendered":"\n<p>Schon seit einigen Wochen, der Startschuss war unsere Projektwoche im M\u00e4rz, besch\u00e4ftigen sich einige Klassen unserer Schule jeden Donnerstag von 8:00 bis 10:25 Uhr mit den 17 globalen Zielen der UN. In dem offenen Lernformat Frei-Day entwickeln unsere Kinder selbst eigene Projekte um die Welt, in der sie aufwachsen, zu verbessern.<\/p>\n\n\n\n<p>W\u00e4hrend dieser Zeit gibt es auch eine Gruppe, die sich um unseren Schulgarten k\u00fcmmert, um diesen tierfreundlicher zu gestalten und einen Naturerlebnisraum f\u00fcr uns alle zu erschaffen. Hier einige Eindr\u00fccke aus dem Schulgarten:<\/p>\n\n\n\n<figure class=\"wp-block-gallery has-nested-images columns-default is-cropped wp-block-gallery-1 is-layout-flex wp-block-gallery-is-layout-flex\">\n<figure class=\"wp-block-image size-large\"><img loading=\"lazy\" decoding=\"async\" width=\"724\" height=\"1024\" data-id=\"2984\" src=\"https:\/\/jks-erp.de\/wp-content\/uploads\/2023\/05\/Garten1-724x1024.png\" alt=\"\" class=\"wp-image-2984\" srcset=\"https:\/\/jks-erp.de\/wp-content\/uploads\/2023\/05\/Garten1-724x1024.png 724w, https:\/\/jks-erp.de\/wp-content\/uploads\/2023\/05\/Garten1-212x300.png 212w, https:\/\/jks-erp.de\/wp-content\/uploads\/2023\/05\/Garten1-768x1086.png 768w, https:\/\/jks-erp.de\/wp-content\/uploads\/2023\/05\/Garten1-1086x1536.png 1086w, https:\/\/jks-erp.de\/wp-content\/uploads\/2023\/05\/Garten1.png 1414w\" sizes=\"auto, (max-width: 724px) 100vw, 724px\" \/><\/figure>\n\n\n\n<figure class=\"wp-block-image size-large\"><img loading=\"lazy\" decoding=\"async\" width=\"724\" height=\"1024\" data-id=\"2986\" src=\"https:\/\/jks-erp.de\/wp-content\/uploads\/2023\/05\/Garten2-724x1024.png\" alt=\"\" class=\"wp-image-2986\" srcset=\"https:\/\/jks-erp.de\/wp-content\/uploads\/2023\/05\/Garten2-724x1024.png 724w, https:\/\/jks-erp.de\/wp-content\/uploads\/2023\/05\/Garten2-212x300.png 212w, https:\/\/jks-erp.de\/wp-content\/uploads\/2023\/05\/Garten2-768x1086.png 768w, https:\/\/jks-erp.de\/wp-content\/uploads\/2023\/05\/Garten2-1086x1536.png 1086w, https:\/\/jks-erp.de\/wp-content\/uploads\/2023\/05\/Garten2.png 1414w\" sizes=\"auto, (max-width: 724px) 100vw, 724px\" \/><\/figure>\n<\/figure>\n\n\n\n<p class=\"has-white-color has-text-color has-link-color wp-elements-fd2c74e7815ea9454ae9b7f739908b6a\">llllllll<\/p>\n\n\n\n<p class=\"has-white-color has-text-color has-link-color wp-elements-23dc3d64b6ce54982dcebd3661df56de\">mmm<\/p>\n\n\n\n<p class=\"has-white-color has-text-color has-link-color wp-elements-574377e676b11fff6cf48ee6edf23214\">nvpkewnbpQENG<\/p>\n\n\n\n<p><\/p>\n\n\n\n<p style=\"font-size:17px\">Hier eine \u00dcbersicht aktueller Projekte, an denen die Kinder im Zuge des FREI-DAYs arbeiten:<\/p>\n\n\n\n<figure class=\"wp-block-image size-large\"><img loading=\"lazy\" decoding=\"async\" width=\"1024\" height=\"739\" src=\"https:\/\/jks-erp.de\/wp-content\/uploads\/2025\/09\/IMG_0005-1024x739.jpg\" alt=\"\" class=\"wp-image-3858\" srcset=\"https:\/\/jks-erp.de\/wp-content\/uploads\/2025\/09\/IMG_0005-1024x739.jpg 1024w, https:\/\/jks-erp.de\/wp-content\/uploads\/2025\/09\/IMG_0005-300x216.jpg 300w, https:\/\/jks-erp.de\/wp-content\/uploads\/2025\/09\/IMG_0005-768x554.jpg 768w, https:\/\/jks-erp.de\/wp-content\/uploads\/2025\/09\/IMG_0005-1536x1108.jpg 1536w, https:\/\/jks-erp.de\/wp-content\/uploads\/2025\/09\/IMG_0005-2048x1478.jpg 2048w\" sizes=\"auto, (max-width: 1024px) 100vw, 1024px\" \/><figcaption class=\"wp-element-caption\">Zur Versch\u00f6nerung der Schultoiletten hat eine FreiDay-Gruppe dazu aufgerufen, Pflanzen zu spenden.<\/figcaption><\/figure>\n\n\n\n<p><\/p>\n\n\n\n<p class=\"has-white-color has-text-color has-link-color wp-elements-149ddf0542e1f1de2818b0b98673c9ad\">gelwjgbq<\/p>\n\n\n\n<figure class=\"wp-block-gallery has-nested-images columns-default is-cropped wp-block-gallery-2 is-layout-flex wp-block-gallery-is-layout-flex\">\n<figure class=\"wp-block-image size-large\"><img loading=\"lazy\" decoding=\"async\" width=\"768\" height=\"1024\" data-id=\"3856\" src=\"https:\/\/jks-erp.de\/wp-content\/uploads\/2025\/09\/IMG_3874-768x1024.jpg\" alt=\"\" class=\"wp-image-3856\" srcset=\"https:\/\/jks-erp.de\/wp-content\/uploads\/2025\/09\/IMG_3874-768x1024.jpg 768w, https:\/\/jks-erp.de\/wp-content\/uploads\/2025\/09\/IMG_3874-225x300.jpg 225w, https:\/\/jks-erp.de\/wp-content\/uploads\/2025\/09\/IMG_3874-1152x1536.jpg 1152w, https:\/\/jks-erp.de\/wp-content\/uploads\/2025\/09\/IMG_3874-1536x2048.jpg 1536w, https:\/\/jks-erp.de\/wp-content\/uploads\/2025\/09\/IMG_3874-scaled.jpg 1920w\" sizes=\"auto, (max-width: 768px) 100vw, 768px\" \/><\/figure>\n\n\n\n<figure class=\"wp-block-image size-large\"><img loading=\"lazy\" decoding=\"async\" width=\"768\" height=\"1024\" data-id=\"3857\" src=\"https:\/\/jks-erp.de\/wp-content\/uploads\/2025\/09\/IMG_3872-768x1024.jpg\" alt=\"\" class=\"wp-image-3857\" srcset=\"https:\/\/jks-erp.de\/wp-content\/uploads\/2025\/09\/IMG_3872-768x1024.jpg 768w, https:\/\/jks-erp.de\/wp-content\/uploads\/2025\/09\/IMG_3872-225x300.jpg 225w, https:\/\/jks-erp.de\/wp-content\/uploads\/2025\/09\/IMG_3872-1152x1536.jpg 1152w, https:\/\/jks-erp.de\/wp-content\/uploads\/2025\/09\/IMG_3872-1536x2048.jpg 1536w, https:\/\/jks-erp.de\/wp-content\/uploads\/2025\/09\/IMG_3872-scaled.jpg 1920w\" sizes=\"auto, (max-width: 768px) 100vw, 768px\" \/><\/figure>\n<\/figure>\n\n\n\n<p>Das fertige Vogelhaus einer weiteren FreiDay-Gruppe!<\/p>\n\n\n\n<p class=\"has-white-color has-text-color has-link-color wp-elements-50ba3f2a97cd4bcb9721e3f438470c1c\"> nepQNEGVPIQn<\/p>\n\n\n\n<p><\/p>\n\n\n\n<p>Eine FreiDay-Gruppe hat Vogelh\u00e4user gebaut und passend dazu einen Artikel geschrieben:<\/p>\n\n\n\n<div data-wp-interactive=\"core\/file\" class=\"wp-block-file\"><object data-wp-bind--hidden=\"!state.hasPdfPreview\" hidden class=\"wp-block-file__embed\" data=\"https:\/\/jks-erp.de\/wp-content\/uploads\/2025\/07\/vogelhaus-1.pdf\" type=\"application\/pdf\" style=\"width:100%;height:600px\" aria-label=\"Einbettung von vogelhaus 1.\"><\/object><a id=\"wp-block-file--media-fa282066-34d2-490c-b4a3-a3d98a95ae32\" href=\"https:\/\/jks-erp.de\/wp-content\/uploads\/2025\/07\/vogelhaus-1.pdf\">vogelhaus 1<\/a><a href=\"https:\/\/jks-erp.de\/wp-content\/uploads\/2025\/07\/vogelhaus-1.pdf\" class=\"wp-block-file__button wp-element-button\" download aria-describedby=\"wp-block-file--media-fa282066-34d2-490c-b4a3-a3d98a95ae32\">Herunterladen<\/a><\/div>\n\n\n\n<p class=\"has-white-color has-text-color has-link-color wp-elements-149ddf0542e1f1de2818b0b98673c9ad\">gelwjgbq<\/p>\n\n\n\n<figure class=\"wp-block-image size-large\"><img loading=\"lazy\" decoding=\"async\" width=\"1024\" height=\"768\" src=\"https:\/\/jks-erp.de\/wp-content\/uploads\/2025\/07\/IMG_0969-1024x768.jpg\" alt=\"\" class=\"wp-image-3807\" srcset=\"https:\/\/jks-erp.de\/wp-content\/uploads\/2025\/07\/IMG_0969-1024x768.jpg 1024w, https:\/\/jks-erp.de\/wp-content\/uploads\/2025\/07\/IMG_0969-300x225.jpg 300w, https:\/\/jks-erp.de\/wp-content\/uploads\/2025\/07\/IMG_0969-768x576.jpg 768w, https:\/\/jks-erp.de\/wp-content\/uploads\/2025\/07\/IMG_0969-1536x1152.jpg 1536w, https:\/\/jks-erp.de\/wp-content\/uploads\/2025\/07\/IMG_0969-2048x1536.jpg 2048w\" sizes=\"auto, (max-width: 1024px) 100vw, 1024px\" \/><figcaption class=\"wp-element-caption\">Ein FreiDay-Team hat Insektenhotels gebaut und auf dem Schulhof aufgeh\u00e4ngt.<\/figcaption><\/figure>\n\n\n\n<p class=\"has-white-color has-text-color has-link-color wp-elements-149ddf0542e1f1de2818b0b98673c9ad\">gelwjgbq<\/p>\n\n\n\n<figure class=\"wp-block-image size-large\"><img loading=\"lazy\" decoding=\"async\" width=\"858\" height=\"1024\" src=\"https:\/\/jks-erp.de\/wp-content\/uploads\/2025\/07\/IMG_2159-858x1024.jpg\" alt=\"\" class=\"wp-image-3804\" srcset=\"https:\/\/jks-erp.de\/wp-content\/uploads\/2025\/07\/IMG_2159-858x1024.jpg 858w, https:\/\/jks-erp.de\/wp-content\/uploads\/2025\/07\/IMG_2159-251x300.jpg 251w, https:\/\/jks-erp.de\/wp-content\/uploads\/2025\/07\/IMG_2159-768x917.jpg 768w, https:\/\/jks-erp.de\/wp-content\/uploads\/2025\/07\/IMG_2159-1286x1536.jpg 1286w, https:\/\/jks-erp.de\/wp-content\/uploads\/2025\/07\/IMG_2159-1715x2048.jpg 1715w\" sizes=\"auto, (max-width: 858px) 100vw, 858px\" \/><figcaption class=\"wp-element-caption\">Zwei Kinder hatten am Dienstag einen Infostand zum Thema <em>Regenwald<\/em> vorbereitet.<\/figcaption><\/figure>\n\n\n\n<p class=\"has-white-color has-text-color has-link-color wp-elements-149ddf0542e1f1de2818b0b98673c9ad\">gelwjgbq<\/p>\n\n\n\n<figure class=\"wp-block-gallery has-nested-images columns-default is-cropped wp-block-gallery-3 is-layout-flex wp-block-gallery-is-layout-flex\">\n<figure class=\"wp-block-image size-large\"><img loading=\"lazy\" decoding=\"async\" width=\"768\" height=\"1024\" data-id=\"3707\" src=\"https:\/\/jks-erp.de\/wp-content\/uploads\/2025\/05\/PHOTO-2025-05-08-08-59-21-768x1024.jpg\" alt=\"\" class=\"wp-image-3707\" srcset=\"https:\/\/jks-erp.de\/wp-content\/uploads\/2025\/05\/PHOTO-2025-05-08-08-59-21-768x1024.jpg 768w, https:\/\/jks-erp.de\/wp-content\/uploads\/2025\/05\/PHOTO-2025-05-08-08-59-21-225x300.jpg 225w, https:\/\/jks-erp.de\/wp-content\/uploads\/2025\/05\/PHOTO-2025-05-08-08-59-21-1152x1536.jpg 1152w, https:\/\/jks-erp.de\/wp-content\/uploads\/2025\/05\/PHOTO-2025-05-08-08-59-21.jpg 1536w\" sizes=\"auto, (max-width: 768px) 100vw, 768px\" \/><\/figure>\n\n\n\n<figure class=\"wp-block-image size-large\"><img loading=\"lazy\" decoding=\"async\" width=\"768\" height=\"1024\" data-id=\"3705\" src=\"https:\/\/jks-erp.de\/wp-content\/uploads\/2025\/05\/PHOTO-2025-05-08-08-59-211-768x1024.jpg\" alt=\"\" class=\"wp-image-3705\" srcset=\"https:\/\/jks-erp.de\/wp-content\/uploads\/2025\/05\/PHOTO-2025-05-08-08-59-211-768x1024.jpg 768w, https:\/\/jks-erp.de\/wp-content\/uploads\/2025\/05\/PHOTO-2025-05-08-08-59-211-225x300.jpg 225w, https:\/\/jks-erp.de\/wp-content\/uploads\/2025\/05\/PHOTO-2025-05-08-08-59-211-1152x1536.jpg 1152w, https:\/\/jks-erp.de\/wp-content\/uploads\/2025\/05\/PHOTO-2025-05-08-08-59-211.jpg 1536w\" sizes=\"auto, (max-width: 768px) 100vw, 768px\" \/><\/figure>\n\n\n\n<figure class=\"wp-block-image size-large\"><img loading=\"lazy\" decoding=\"async\" width=\"768\" height=\"1024\" data-id=\"3706\" src=\"https:\/\/jks-erp.de\/wp-content\/uploads\/2025\/05\/PHOTO-2025-05-08-08-59-214-768x1024.jpg\" alt=\"\" class=\"wp-image-3706\" srcset=\"https:\/\/jks-erp.de\/wp-content\/uploads\/2025\/05\/PHOTO-2025-05-08-08-59-214-768x1024.jpg 768w, https:\/\/jks-erp.de\/wp-content\/uploads\/2025\/05\/PHOTO-2025-05-08-08-59-214-225x300.jpg 225w, https:\/\/jks-erp.de\/wp-content\/uploads\/2025\/05\/PHOTO-2025-05-08-08-59-214-1152x1536.jpg 1152w, https:\/\/jks-erp.de\/wp-content\/uploads\/2025\/05\/PHOTO-2025-05-08-08-59-214.jpg 1536w\" sizes=\"auto, (max-width: 768px) 100vw, 768px\" \/><\/figure>\n<\/figure>\n\n\n\n<p>Eine FreiDay-Gruppe hat ein Vogelhaus gebaut, das nun im Schulgarten h\u00e4ngt.<\/p>\n\n\n\n<p class=\"has-white-color has-text-color has-link-color wp-elements-096059ff09dd78a19b3c29d5af7ddea5\">bjlbb<\/p>\n\n\n\n<p class=\"has-white-color has-text-color has-link-color wp-elements-6efbd833736820765ce9e6e9b019cd07\">m<\/p>\n\n\n\n<figure class=\"wp-block-image size-large\"><img loading=\"lazy\" decoding=\"async\" width=\"1024\" height=\"716\" src=\"https:\/\/jks-erp.de\/wp-content\/uploads\/2025\/05\/Kinderrechte-1024x716.jpg\" alt=\"\" class=\"wp-image-3696\" srcset=\"https:\/\/jks-erp.de\/wp-content\/uploads\/2025\/05\/Kinderrechte-1024x716.jpg 1024w, https:\/\/jks-erp.de\/wp-content\/uploads\/2025\/05\/Kinderrechte-300x210.jpg 300w, https:\/\/jks-erp.de\/wp-content\/uploads\/2025\/05\/Kinderrechte-768x537.jpg 768w, https:\/\/jks-erp.de\/wp-content\/uploads\/2025\/05\/Kinderrechte-1536x1074.jpg 1536w, https:\/\/jks-erp.de\/wp-content\/uploads\/2025\/05\/Kinderrechte-2048x1432.jpg 2048w\" sizes=\"auto, (max-width: 1024px) 100vw, 1024px\" \/><\/figure>\n\n\n\n<p>In unserem FreiDay haben wir uns mit den Kinderrechten besch\u00e4ftigt.<\/p>\n\n\n\n<p>Dabei ist uns aufgefallen, dass unser Schulgeb\u00e4ude keine Rampen oder Aufz\u00fcge hat. Wir finden, dass es wichtig ist die Schule barrierefrei zu gestalten, damit auch Menschen, besonders die Kinder, die eine k\u00f6rperliche Einschr\u00e4nkung haben, problemlos unsere Schule besuchen k\u00f6nnen.<\/p>\n\n\n\n<p><\/p>\n\n\n\n<p class=\"has-dark-gray-color has-text-color has-link-color wp-elements-ebdeb0f2b238a24e956bfee8bc4225eb\" style=\"font-size:14px\">Bildquellen: eigene Abbildungen<\/p>\n\n\n\n<p><\/p>\n","protected":false},"excerpt":{"rendered":"<p>Schon seit einigen Wochen, der Startschuss war unsere Projektwoche im M\u00e4rz, besch\u00e4ftigen sich einige Klassen unserer Schule jeden Donnerstag von 8:00 bis 10:25 Uhr mit den 17 globalen Zielen der UN. In dem offenen Lernformat Frei-Day entwickeln unsere Kinder selbst eigene Projekte um die Welt, in der sie aufwachsen, zu verbessern. W\u00e4hrend dieser Zeit gibt es auch eine Gruppe, die<\/p>\n","protected":false},"author":2,"featured_media":0,"parent":0,"menu_order":0,"comment_status":"closed","ping_status":"closed","template":"","meta":{"ngg_post_thumbnail":0,"footnotes":""},"class_list":["post-1560","page","type-page","status-publish","hentry"],"_links":{"self":[{"href":"https:\/\/jks-erp.de\/index.php?rest_route=\/wp\/v2\/pages\/1560","targetHints":{"allow":["GET"]}}],"collection":[{"href":"https:\/\/jks-erp.de\/index.php?rest_route=\/wp\/v2\/pages"}],"about":[{"href":"https:\/\/jks-erp.de\/index.php?rest_route=\/wp\/v2\/types\/page"}],"author":[{"embeddable":true,"href":"https:\/\/jks-erp.de\/index.php?rest_route=\/wp\/v2\/users\/2"}],"replies":[{"embeddable":true,"href":"https:\/\/jks-erp.de\/index.php?rest_route=%2Fwp%2Fv2%2Fcomments&post=1560"}],"version-history":[{"count":56,"href":"https:\/\/jks-erp.de\/index.php?rest_route=\/wp\/v2\/pages\/1560\/revisions"}],"predecessor-version":[{"id":3862,"href":"https:\/\/jks-erp.de\/index.php?rest_route=\/wp\/v2\/pages\/1560\/revisions\/3862"}],"wp:attachment":[{"href":"https:\/\/jks-erp.de\/index.php?rest_route=%2Fwp%2Fv2%2Fmedia&parent=1560"}],"curies":[{"name":"wp","href":"https:\/\/api.w.org\/{rel}","templated":true}]}}