{"id":157,"date":"2018-05-17T08:54:51","date_gmt":"2018-05-17T08:54:51","guid":{"rendered":"http:\/\/jks-erp.de\/?page_id=157"},"modified":"2024-09-25T13:54:28","modified_gmt":"2024-09-25T13:54:28","slug":"janusz-korczak","status":"publish","type":"page","link":"https:\/\/jks-erp.de\/?page_id=157","title":{"rendered":"Janusz Korczak"},"content":{"rendered":"<p>&nbsp;<\/p>\n<div><strong><img loading=\"lazy\" decoding=\"async\" src=\"https:\/\/web.archive.org\/web\/20161014155936im_\/http:\/\/jks-erp.de\/files\/8514\/5780\/4884\/170px-Janusz_Korczak.PNG\" alt=\"Janusz Korczak\" width=\"170\" height=\"270\"><\/strong><\/div>\n<div><strong>&nbsp;<\/strong><\/div>\n<div>Janusz- Korczak ist 1878 geboren. Er war ein Jude. Er hie\u00df eigentlich Henryk&nbsp; Goldszmit. Seine Eltern hie\u00dfen Josef und&nbsp; Celylia Goldszmit. Sein Vater war Rechtsanwalt und die Familie hatte viel Geld. Doch der Vater starb als Henryk noch ein Kind war und die Familie hatte kein Einkommen mehr. Sie wurden sehr arm.<\/div>\n<div>Henryk wurde schon mit 25 Jahren Arzt. Nach 7 Jahren h\u00f6rte er auf und wurde Leiter eines Waisenhauses. Er brachte den Kindern was bei, verarztete sie und war wie ein Vater f\u00fcr sie. In dem Waisenhaus waren auch ganz viele j\u00fcdische&nbsp; Kinder. Er schrieb f\u00fcr sie Zeitungen und B\u00fccher z. B.&nbsp; der kleine K\u00f6nig Macius und nannte sich jetzt Janusz \u2013Korczak.<\/div>\n<div>1939 begann der zweite Weltkrieg. Die Deutschen kamen nach Polen und bauten in der Hauptstadt Warschau um einen Stadtteil eine Mauer. Das nannte man Ghetto. Die Juden mussten alle in diese Mauern. Auch&nbsp; Janusz&nbsp; \u2013&nbsp; Korczak und die Kinder mussten darein. Er bettelte f\u00fcr die Kinder nach Medikamenten und Essen. Viele Menschen wurden von dort abgeholt und get\u00f6tet. 1942 wurden Janusz- Korczak und die Kinder auch abgeholt. Sie mussten an einen Bahnhof. Er erz\u00e4hlte den Kindern, dass sie einen Ausflug machten, damit die Kinder&nbsp; keine Angst haben. Da sagte ein Mann, dass Janusz Korczak jetzt gehen konnte. Aber er nahm das Angebot nicht an. Dann wurde Janusz \u2013 Korczak mit den Kindern in einen Wagen gezogen und fuhr mit ihnen nach Treblinka. Dort mussten sie in ein Lager gehen und sich ausziehen. Und da wurde er mit den Kindern am 5. oder 6.August 1942 get\u00f6tet.<\/div>\n<p>&nbsp;<\/p>\n<div><strong><em>Der Lebenslauf von Janusz- Korczak wurde geschrieben von Lena aus der Klasse 4a (2016) <\/em><\/strong><\/div>\n","protected":false},"excerpt":{"rendered":"<p>&nbsp; &nbsp; Janusz- Korczak ist 1878 geboren. Er war ein Jude. Er hie\u00df eigentlich Henryk&nbsp; Goldszmit. Seine Eltern hie\u00dfen Josef und&nbsp; Celylia Goldszmit. Sein Vater war Rechtsanwalt und die Familie hatte viel Geld. Doch der Vater starb als Henryk noch ein Kind war und die Familie hatte kein Einkommen mehr. Sie wurden sehr arm. Henryk wurde schon mit 25 Jahren<\/p>\n","protected":false},"author":1,"featured_media":0,"parent":0,"menu_order":0,"comment_status":"closed","ping_status":"closed","template":"","meta":{"ngg_post_thumbnail":0,"footnotes":""},"class_list":["post-157","page","type-page","status-publish","hentry"],"_links":{"self":[{"href":"https:\/\/jks-erp.de\/index.php?rest_route=\/wp\/v2\/pages\/157","targetHints":{"allow":["GET"]}}],"collection":[{"href":"https:\/\/jks-erp.de\/index.php?rest_route=\/wp\/v2\/pages"}],"about":[{"href":"https:\/\/jks-erp.de\/index.php?rest_route=\/wp\/v2\/types\/page"}],"author":[{"embeddable":true,"href":"https:\/\/jks-erp.de\/index.php?rest_route=\/wp\/v2\/users\/1"}],"replies":[{"embeddable":true,"href":"https:\/\/jks-erp.de\/index.php?rest_route=%2Fwp%2Fv2%2Fcomments&post=157"}],"version-history":[{"count":3,"href":"https:\/\/jks-erp.de\/index.php?rest_route=\/wp\/v2\/pages\/157\/revisions"}],"predecessor-version":[{"id":3417,"href":"https:\/\/jks-erp.de\/index.php?rest_route=\/wp\/v2\/pages\/157\/revisions\/3417"}],"wp:attachment":[{"href":"https:\/\/jks-erp.de\/index.php?rest_route=%2Fwp%2Fv2%2Fmedia&parent=157"}],"curies":[{"name":"wp","href":"https:\/\/api.w.org\/{rel}","templated":true}]}}