{"id":161,"date":"2018-05-17T09:02:22","date_gmt":"2018-05-17T09:02:22","guid":{"rendered":"http:\/\/jks-erp.de\/?page_id=161"},"modified":"2025-12-09T08:25:20","modified_gmt":"2025-12-09T08:25:20","slug":"einzugsgebiet-und-schulgelaende","status":"publish","type":"page","link":"https:\/\/jks-erp.de\/?page_id=161","title":{"rendered":"So sieht es bei uns aus"},"content":{"rendered":"<h2>Drinnen&#8230;<\/h2>\n<p>&nbsp;<\/p>\n\n\n<div class=\"wp-block-media-text alignwide has-media-on-the-right is-stacked-on-mobile\"><div class=\"wp-block-media-text__content\">\n<p>Unser Schulgeb\u00e4ude umfasst zurzeit 11 <strong>Klassenr\u00e4ume<\/strong>.<\/p>\n\n\n\n<p>Diese sind ausgestattet mit digitalen Tafeln, Schr\u00e4nken und Regalen, Zweier- und Einzeltischen, Musikboxen und Klassenb\u00fccherei. Au\u00dferdem hat der F\u00f6rderverein allen Klassen Spielekisten sowohl f\u00fcr die Hofpause als auch f\u00fcr die Regenpause geschenkt.<\/p>\n<\/div><figure class=\"wp-block-media-text__media\"><img loading=\"lazy\" decoding=\"async\" width=\"640\" height=\"480\" src=\"http:\/\/jks-erp.de\/wp-content\/uploads\/2022\/03\/image3-8.jpeg\" alt=\"\" class=\"wp-image-2275 size-full\" srcset=\"https:\/\/jks-erp.de\/wp-content\/uploads\/2022\/03\/image3-8.jpeg 640w, https:\/\/jks-erp.de\/wp-content\/uploads\/2022\/03\/image3-8-300x225.jpeg 300w\" sizes=\"auto, (max-width: 640px) 100vw, 640px\" \/><\/figure><\/div>\n\n\n\n<p class=\"has-text-align-right\"><\/p>\n\n\n\n<div class=\"wp-block-media-text alignwide is-stacked-on-mobile\"><figure class=\"wp-block-media-text__media\"><img loading=\"lazy\" decoding=\"async\" width=\"1024\" height=\"768\" src=\"http:\/\/jks-erp.de\/wp-content\/uploads\/2022\/09\/image0-18-1024x768.jpeg\" alt=\"\" class=\"wp-image-2544 size-full\" srcset=\"https:\/\/jks-erp.de\/wp-content\/uploads\/2022\/09\/image0-18-1024x768.jpeg 1024w, https:\/\/jks-erp.de\/wp-content\/uploads\/2022\/09\/image0-18-300x225.jpeg 300w, https:\/\/jks-erp.de\/wp-content\/uploads\/2022\/09\/image0-18-768x576.jpeg 768w, https:\/\/jks-erp.de\/wp-content\/uploads\/2022\/09\/image0-18-1536x1152.jpeg 1536w, https:\/\/jks-erp.de\/wp-content\/uploads\/2022\/09\/image0-18-2048x1536.jpeg 2048w\" sizes=\"auto, (max-width: 1024px) 100vw, 1024px\" \/><\/figure><div class=\"wp-block-media-text__content\">\n<p>In unserem <strong>Zukunftsraum<\/strong> haben die Kinder die M\u00f6glichkeit rund um das Thema digitale Medien zu arbeiten. Hier k\u00f6nnen unter anderem iPads, Laptops, LEGO SPIKE-Boxen, einen Green Screen und eine digitale Tafel genutzt werden. Somit sind dem vielf\u00e4ltigen digitalem Lernen kaum Grenzen gesetzt.<\/p>\n<\/div><\/div>\n\n\n\n<p><\/p>\n\n\n\n<div class=\"wp-block-media-text alignwide has-media-on-the-right is-stacked-on-mobile is-vertically-aligned-center\"><div class=\"wp-block-media-text__content\">\n<p>In der <strong>Schulb\u00fccherei<\/strong> haben die Kinder die M\u00f6glichkeit in den Pausen in zahllosen B\u00fcchern zu schm\u00f6kern und diese auch zu entleihen. <\/p>\n\n\n\n<p>Die Schulb\u00fccherei wird von flei\u00dfigen Eltern und einer engagierten Lehrerin betreut. &nbsp; <\/p>\n\n\n\n<p>F\u00fcr die Ausleihe steht eine gro\u00dfe Auswahl aus verschiedensten Themengebieten f\u00fcr unterschiedliche Altersgruppen zur Verf\u00fcgung. Vom Bilderbuch mit wenig Text bis zum Kinderroman, ist f\u00fcr jedes Kind etwas dabei.&nbsp; &nbsp;<\/p>\n\n\n\n<p>Zum gem\u00fctlichen Schm\u00f6kern stehen eine Lesecke, einige Sitzs\u00e4cke und ein H\u00e4ngesessel zur Verf\u00fcgung.&nbsp;<\/p>\n<\/div><figure class=\"wp-block-media-text__media\"><img loading=\"lazy\" decoding=\"async\" width=\"1024\" height=\"768\" src=\"http:\/\/jks-erp.de\/wp-content\/uploads\/2022\/03\/image0-16-1024x768.jpeg\" alt=\"\" class=\"wp-image-2299 size-full\" srcset=\"https:\/\/jks-erp.de\/wp-content\/uploads\/2022\/03\/image0-16-1024x768.jpeg 1024w, https:\/\/jks-erp.de\/wp-content\/uploads\/2022\/03\/image0-16-300x225.jpeg 300w, https:\/\/jks-erp.de\/wp-content\/uploads\/2022\/03\/image0-16-768x576.jpeg 768w, https:\/\/jks-erp.de\/wp-content\/uploads\/2022\/03\/image0-16-1536x1152.jpeg 1536w, https:\/\/jks-erp.de\/wp-content\/uploads\/2022\/03\/image0-16-2048x1536.jpeg 2048w\" sizes=\"auto, (max-width: 1024px) 100vw, 1024px\" \/><\/figure><\/div>\n\n\n\n<p><\/p>\n\n\n\n<div class=\"wp-block-media-text alignwide is-stacked-on-mobile is-vertically-aligned-center\"><figure class=\"wp-block-media-text__media\"><img loading=\"lazy\" decoding=\"async\" width=\"1024\" height=\"768\" src=\"http:\/\/jks-erp.de\/wp-content\/uploads\/2018\/06\/OGS-Mensa_-K\u00fcche-1-1024x768.jpg\" alt=\"\" class=\"wp-image-687 size-full\" srcset=\"https:\/\/jks-erp.de\/wp-content\/uploads\/2018\/06\/OGS-Mensa_-K\u00fcche-1-1024x768.jpg 1024w, https:\/\/jks-erp.de\/wp-content\/uploads\/2018\/06\/OGS-Mensa_-K\u00fcche-1-300x225.jpg 300w, https:\/\/jks-erp.de\/wp-content\/uploads\/2018\/06\/OGS-Mensa_-K\u00fcche-1-768x576.jpg 768w, https:\/\/jks-erp.de\/wp-content\/uploads\/2018\/06\/OGS-Mensa_-K\u00fcche-1.jpg 1080w\" sizes=\"auto, (max-width: 1024px) 100vw, 1024px\" \/><\/figure><div class=\"wp-block-media-text__content\">\n<p>In der&nbsp; <strong>Mensa<\/strong> erhalten die Kinder des offenen Ganztags t\u00e4glich ihr Mittagessen.<\/p>\n\n\n\n<p>Die R\u00e4umlichkeiten werden auch f\u00fcr die Vorbereitung des gesunden Fr\u00fchst\u00fccks genutzt.<\/p>\n<\/div><\/div>\n\n\n\n<p><\/p>\n\n\n\n<div class=\"wp-block-media-text alignwide has-media-on-the-right is-stacked-on-mobile\"><div class=\"wp-block-media-text__content\">\n<p>Sport unterrichten wir in der eigenen <strong>Turnhalle<\/strong>, die auch vom offenen Ganztag intensiv genutzt wird.<\/p>\n\n\n\n<p>Nach Schluss des Ganztags steht sie verschiedenen Vereinen zum Training zur Verf\u00fcgung.&nbsp;F\u00fcr unsere gro\u00dfen Feiern wie die Einschulungsfeier, die Weihnachtsfeier, unsere Karnevalssitzung, die Verabschiedung der vierten Schuljahre und unsere Schuljahresabschlussfeier wird die Turnhalle mit Teppich ausgelegt und zum Festsaal mit B\u00fchne, ausreichender Beschallung und Bestuhlung umgestaltet. <\/p>\n<\/div><figure class=\"wp-block-media-text__media\"><img loading=\"lazy\" decoding=\"async\" width=\"640\" height=\"480\" src=\"http:\/\/jks-erp.de\/wp-content\/uploads\/2022\/03\/image7-2.jpeg\" alt=\"\" class=\"wp-image-2288 size-full\" srcset=\"https:\/\/jks-erp.de\/wp-content\/uploads\/2022\/03\/image7-2.jpeg 640w, https:\/\/jks-erp.de\/wp-content\/uploads\/2022\/03\/image7-2-300x225.jpeg 300w\" sizes=\"auto, (max-width: 640px) 100vw, 640px\" \/><\/figure><\/div>\n\n\n\n<p style=\"font-size:14px\">F\u00fcr die Arbeiten des Kollegiums gibt es in der Verwaltung das Teamzimmer, ein Arbeitszimmer mit Computerarbeitspl\u00e4tzen und Fotokopierer, ein Besprechungszimmer, das Sekretariat und die B\u00fcros der Schulleitung.<\/p>\n\n\n\n<p><\/p>\n\n\n\n<p class=\"has-white-color has-text-color has-link-color wp-elements-6a102212a1689069022e7e93ee8826c5\">nknl<\/p>\n\n\n\n<h2 class=\"wp-block-heading\" style=\"font-size:36px\">Drau\u00dfen&#8230;<\/h2>\n\n\n\n<p><\/p>\n\n\n\n<div class=\"wp-block-media-text alignwide has-media-on-the-right is-stacked-on-mobile is-vertically-aligned-center\"><div class=\"wp-block-media-text__content\">\n<p class=\"has-normal-font-size\">Der weitr\u00e4umige Schulhof bietet vielerlei Spielm\u00f6glichkeiten. <\/p>\n\n\n\n<p class=\"has-normal-font-size\">Im vorderen Bereich befindet sich ein Basketballkorb, eine Tischtennisplatte und gen\u00fcgend Platz zum Toben.<\/p>\n<\/div><figure class=\"wp-block-media-text__media\"><img loading=\"lazy\" decoding=\"async\" width=\"640\" height=\"480\" src=\"http:\/\/jks-erp.de\/wp-content\/uploads\/2022\/03\/image1-11.jpeg\" alt=\"\" class=\"wp-image-2284 size-full\" srcset=\"https:\/\/jks-erp.de\/wp-content\/uploads\/2022\/03\/image1-11.jpeg 640w, https:\/\/jks-erp.de\/wp-content\/uploads\/2022\/03\/image1-11-300x225.jpeg 300w\" sizes=\"auto, (max-width: 640px) 100vw, 640px\" \/><\/figure><\/div>\n\n\n\n<p><\/p>\n\n\n\n<div class=\"wp-block-media-text alignwide is-stacked-on-mobile is-vertically-aligned-center\"><figure class=\"wp-block-media-text__media\"><img loading=\"lazy\" decoding=\"async\" width=\"640\" height=\"480\" src=\"http:\/\/jks-erp.de\/wp-content\/uploads\/2022\/03\/image0-15.jpeg\" alt=\"\" class=\"wp-image-2285 size-full\" srcset=\"https:\/\/jks-erp.de\/wp-content\/uploads\/2022\/03\/image0-15.jpeg 640w, https:\/\/jks-erp.de\/wp-content\/uploads\/2022\/03\/image0-15-300x225.jpeg 300w\" sizes=\"auto, (max-width: 640px) 100vw, 640px\" \/><\/figure><div class=\"wp-block-media-text__content\">\n<p class=\"has-normal-font-size\">In der Mitte des Schulhofes haben die Kinder die M\u00f6glichkeit an Reckstangen und einer Kletterpyramide, die durch eine Lesesponsoring-Aktion der Kinder etwa zur H\u00e4lfte finanziert wurde, zu spielen. Die andere H\u00e4lfte wurde vom F\u00f6rderverein erbracht bzw. durch gro\u00dfen Einsatz in Eigenleistung erwirtschaftet.<\/p>\n<\/div><\/div>\n\n\n\n<p><\/p>\n\n\n\n<div class=\"wp-block-media-text alignwide has-media-on-the-right is-stacked-on-mobile is-vertically-aligned-center\"><div class=\"wp-block-media-text__content\">\n<p class=\"has-normal-font-size\">Im hinteren Bereich befindet sich ein Fu\u00dfballplatz mit Toren sowie ein gro\u00dfes Kletterger\u00fcst mit Kletterw\u00e4nden und einer Rutsche.<\/p>\n<\/div><figure class=\"wp-block-media-text__media\"><img loading=\"lazy\" decoding=\"async\" width=\"1024\" height=\"768\" src=\"http:\/\/jks-erp.de\/wp-content\/uploads\/2022\/03\/image3-7-1024x768.jpeg\" alt=\"\" class=\"wp-image-2286 size-full\" srcset=\"https:\/\/jks-erp.de\/wp-content\/uploads\/2022\/03\/image3-7-1024x768.jpeg 1024w, https:\/\/jks-erp.de\/wp-content\/uploads\/2022\/03\/image3-7-300x225.jpeg 300w, https:\/\/jks-erp.de\/wp-content\/uploads\/2022\/03\/image3-7-768x576.jpeg 768w, https:\/\/jks-erp.de\/wp-content\/uploads\/2022\/03\/image3-7-1536x1152.jpeg 1536w, https:\/\/jks-erp.de\/wp-content\/uploads\/2022\/03\/image3-7-2048x1536.jpeg 2048w\" sizes=\"auto, (max-width: 1024px) 100vw, 1024px\" \/><\/figure><\/div>\n\n\n\n<p><\/p>\n\n\n\n<div class=\"wp-block-media-text alignwide is-stacked-on-mobile is-vertically-aligned-center\"><figure class=\"wp-block-media-text__media\"><img loading=\"lazy\" decoding=\"async\" width=\"1024\" height=\"768\" src=\"http:\/\/jks-erp.de\/wp-content\/uploads\/2022\/03\/image2-8-1024x768.jpeg\" alt=\"\" class=\"wp-image-2287 size-full\" srcset=\"https:\/\/jks-erp.de\/wp-content\/uploads\/2022\/03\/image2-8-1024x768.jpeg 1024w, https:\/\/jks-erp.de\/wp-content\/uploads\/2022\/03\/image2-8-300x225.jpeg 300w, https:\/\/jks-erp.de\/wp-content\/uploads\/2022\/03\/image2-8-768x576.jpeg 768w, https:\/\/jks-erp.de\/wp-content\/uploads\/2022\/03\/image2-8-1536x1152.jpeg 1536w, https:\/\/jks-erp.de\/wp-content\/uploads\/2022\/03\/image2-8-2048x1536.jpeg 2048w\" sizes=\"auto, (max-width: 1024px) 100vw, 1024px\" \/><\/figure><div class=\"wp-block-media-text__content\">\n<p class=\"has-normal-font-size\">Auf dem angrenzenden Wiesengel\u00e4nde befinden sich die neue Sechserschaukel, Grash\u00fcpfer zum Bockspringen sowie ein gro\u00dfer Sandkasten. Sowohl der Sandkasten als auch die Schaukel wurde&nbsp;vom F\u00f6rderverein gestiftet.<\/p>\n\n\n\n<p>Eine Besonderheit unseres Schulhofes ist ein naturbelassener Bereich mit B\u00e4umen und B\u00fcschen, in dem die Kinder mit Vorliebe spielen.<\/p>\n<\/div><\/div>\n\n\n\n<p><\/p>\n","protected":false},"excerpt":{"rendered":"<p>Drinnen&#8230; &nbsp; Unser Schulgeb\u00e4ude umfasst zurzeit 11 Klassenr\u00e4ume. Diese sind ausgestattet mit digitalen Tafeln, Schr\u00e4nken und Regalen, Zweier- und Einzeltischen, Musikboxen und Klassenb\u00fccherei. Au\u00dferdem hat der F\u00f6rderverein allen Klassen Spielekisten sowohl f\u00fcr die Hofpause als auch f\u00fcr die Regenpause geschenkt. In unserem Zukunftsraum haben die Kinder die M\u00f6glichkeit rund um das Thema digitale Medien zu arbeiten. Hier k\u00f6nnen unter anderem<\/p>\n","protected":false},"author":1,"featured_media":0,"parent":0,"menu_order":0,"comment_status":"closed","ping_status":"closed","template":"","meta":{"ngg_post_thumbnail":0,"footnotes":""},"class_list":["post-161","page","type-page","status-publish","hentry"],"_links":{"self":[{"href":"https:\/\/jks-erp.de\/index.php?rest_route=\/wp\/v2\/pages\/161","targetHints":{"allow":["GET"]}}],"collection":[{"href":"https:\/\/jks-erp.de\/index.php?rest_route=\/wp\/v2\/pages"}],"about":[{"href":"https:\/\/jks-erp.de\/index.php?rest_route=\/wp\/v2\/types\/page"}],"author":[{"embeddable":true,"href":"https:\/\/jks-erp.de\/index.php?rest_route=\/wp\/v2\/users\/1"}],"replies":[{"embeddable":true,"href":"https:\/\/jks-erp.de\/index.php?rest_route=%2Fwp%2Fv2%2Fcomments&post=161"}],"version-history":[{"count":15,"href":"https:\/\/jks-erp.de\/index.php?rest_route=\/wp\/v2\/pages\/161\/revisions"}],"predecessor-version":[{"id":3903,"href":"https:\/\/jks-erp.de\/index.php?rest_route=\/wp\/v2\/pages\/161\/revisions\/3903"}],"wp:attachment":[{"href":"https:\/\/jks-erp.de\/index.php?rest_route=%2Fwp%2Fv2%2Fmedia&parent=161"}],"curies":[{"name":"wp","href":"https:\/\/api.w.org\/{rel}","templated":true}]}}