{"id":221,"date":"2018-06-06T05:44:35","date_gmt":"2018-06-06T05:44:35","guid":{"rendered":"http:\/\/jks-erp.de\/?page_id=221"},"modified":"2025-12-09T08:24:10","modified_gmt":"2025-12-09T08:24:10","slug":"unsere-klassen","status":"publish","type":"page","link":"https:\/\/jks-erp.de\/?page_id=221","title":{"rendered":"Unsere Klassen"},"content":{"rendered":"<p>Die Eulen (Klasse 1a) &#8211; Frau Benninghoven<\/p>\n<p>Die Fr\u00f6sche (Klasse 1b) &#8211; Frau Peterssen<\/p>\n<p>Die Wale (Klasse 1c) &#8211; Herr Budig<\/p>\n<p>Die Hummeln (Klasse 2a) &#8211; Frau Hildinger<\/p>\n<p>Die Giraffen (Klasse 2b) &#8211; Frau Friedrichs<\/p>\n<p>Die F\u00fcchse (Klasse 2c) &#8211; Frau Jung<\/p>\n<p>Die Faultiere (Klasse 3a) &#8211; Frau Tr\u00fc\u00fcn<\/p>\n<p>Die Elefanten (Klasse 3b) &#8211; Frau Lindberg<\/p>\n<p>Die Delfine (Klasse 4a) &#8211; Frau Behrendt<\/p>\n<p>Die Lamas (Klasse 4b) &#8211; Frau Fix<\/p>\n<p>Die Pandas (Klasse 4c) &#8211; Frau Grillo<\/p>\n<p>&nbsp;<\/p>\n<p>&nbsp;<\/p>\n<p>FachlehrerInnen: Frau Meiser, Frau Cla\u00dfen, Herr Bogatz, Frau Zeka<\/p>\n<p>Sonderp\u00e4dagogin: Frau Rohmann<\/p>\n<p>Sozialp\u00e4dagogin in der Schuleingangsphase: Frau Damann<\/p>\n<p>&nbsp;<\/p>\n<h3>&nbsp;<\/h3>\n<p>&nbsp;<\/p>\n<h3>&nbsp;<\/h3>\n<h3>&nbsp;<\/h3>\n<p>&nbsp;<\/p>\n<h3>&nbsp;<\/h3>\n<h3>&nbsp;<\/h3>\n<p>&nbsp;<\/p>\n<h3>&nbsp;<\/h3>\n<p>&nbsp;<\/p>\n<h3>&nbsp;<\/h3>\n<h3>&nbsp;<\/h3>\n<p>&nbsp;<\/p>\n<h3>&nbsp;<\/h3>\n<h3>&nbsp;<\/h3>\n<p>&nbsp;<\/p>\n","protected":false},"excerpt":{"rendered":"<p>Die Eulen (Klasse 1a) &#8211; Frau Benninghoven Die Fr\u00f6sche (Klasse 1b) &#8211; Frau Peterssen Die Wale (Klasse 1c) &#8211; Herr Budig Die Hummeln (Klasse 2a) &#8211; Frau Hildinger Die Giraffen (Klasse 2b) &#8211; Frau Friedrichs Die F\u00fcchse (Klasse 2c) &#8211; Frau Jung Die Faultiere (Klasse 3a) &#8211; Frau Tr\u00fc\u00fcn Die Elefanten (Klasse 3b) &#8211; Frau Lindberg Die Delfine (Klasse 4a)<\/p>\n","protected":false},"author":1,"featured_media":0,"parent":0,"menu_order":0,"comment_status":"closed","ping_status":"closed","template":"","meta":{"ngg_post_thumbnail":0,"footnotes":""},"class_list":["post-221","page","type-page","status-publish","hentry"],"_links":{"self":[{"href":"https:\/\/jks-erp.de\/index.php?rest_route=\/wp\/v2\/pages\/221","targetHints":{"allow":["GET"]}}],"collection":[{"href":"https:\/\/jks-erp.de\/index.php?rest_route=\/wp\/v2\/pages"}],"about":[{"href":"https:\/\/jks-erp.de\/index.php?rest_route=\/wp\/v2\/types\/page"}],"author":[{"embeddable":true,"href":"https:\/\/jks-erp.de\/index.php?rest_route=\/wp\/v2\/users\/1"}],"replies":[{"embeddable":true,"href":"https:\/\/jks-erp.de\/index.php?rest_route=%2Fwp%2Fv2%2Fcomments&post=221"}],"version-history":[{"count":16,"href":"https:\/\/jks-erp.de\/index.php?rest_route=\/wp\/v2\/pages\/221\/revisions"}],"predecessor-version":[{"id":3902,"href":"https:\/\/jks-erp.de\/index.php?rest_route=\/wp\/v2\/pages\/221\/revisions\/3902"}],"wp:attachment":[{"href":"https:\/\/jks-erp.de\/index.php?rest_route=%2Fwp%2Fv2%2Fmedia&parent=221"}],"curies":[{"name":"wp","href":"https:\/\/api.w.org\/{rel}","templated":true}]}}