{"id":2276,"date":"2022-03-13T11:52:07","date_gmt":"2022-03-13T11:52:07","guid":{"rendered":"http:\/\/jks-erp.de\/?page_id=2276"},"modified":"2025-04-09T10:26:14","modified_gmt":"2025-04-09T10:26:14","slug":"einzugsgebiet-und-schulgelaende-2","status":"publish","type":"page","link":"https:\/\/jks-erp.de\/?page_id=2276","title":{"rendered":"Einzugsgebiet und Schulgeb\u00e4ude"},"content":{"rendered":"\n<p class=\"has-normal-font-size\"><strong>Einzugsgebiet<\/strong><\/p>\n\n\n\n<p>Kinder aus den Erftst\u00e4dter Stadtteilen Borr, Erp, Friesheim, Niederberg, Scheuren, Ahrem, Lechenich und Liblar besuchen unsere Schule, sowie einige Kinder aus den Nachbarorten Weilerswist und&nbsp; Z\u00fclpich. Somit sind die meisten unserer Kinder Fahrsch\u00fcler.<\/p>\n\n\n\n<p>In diesem Zusammenhang m\u00f6chten wir darauf hinweisen, dass in jeder Klasse Kinder aus verschiedenen Ortsteilen sind. Dadurch werden Kontakte auch \u00fcber den eigenen Wohnbezirk hinaus gef\u00f6rdert.<\/p>\n\n\n\n<p>Im Schuljahr 2024\/25 besuchen 235 Kinder unsere Schule. Sie werden von  14 LehrerInnen, einer Sonderp\u00e4dagogin, einer Lehramtsanw\u00e4rterin und einer Sozialp\u00e4dagogin unterrichtet.<\/p>\n\n\n\n<p class=\"has-white-color has-text-color has-link-color wp-elements-ee3031b685206165d3f5a4785280f7d6\">mm<\/p>\n\n\n\n<p class=\"has-white-color has-text-color has-link-color wp-elements-ee3031b685206165d3f5a4785280f7d6\">mm<\/p>\n\n\n\n<p class=\"has-normal-font-size\"><strong>Das Schulgeb\u00e4ude und seine Geschichte<\/strong><\/p>\n\n\n<div class=\"wp-block-image\">\n<figure class=\"alignright size-large is-resized\"><img loading=\"lazy\" decoding=\"async\" width=\"768\" height=\"519\" src=\"http:\/\/jks-erp.de\/wp-content\/uploads\/2021\/06\/Schulhof-768x519-1.jpg\" alt=\"\" class=\"wp-image-1672\" style=\"width:364px;height:246px\" srcset=\"https:\/\/jks-erp.de\/wp-content\/uploads\/2021\/06\/Schulhof-768x519-1.jpg 768w, https:\/\/jks-erp.de\/wp-content\/uploads\/2021\/06\/Schulhof-768x519-1-300x203.jpg 300w\" sizes=\"auto, (max-width: 768px) 100vw, 768px\" \/><\/figure>\n<\/div>\n\n\n<p>Der erste Bauabschnitt unserer heutigen Schule in der Flussstra\u00dfe (5 Klassenr\u00e4ume, Pausenhalle, Toiletten und Verwal-tungsr\u00e4ume) wurde 1959 in Betrieb genommen. Noch im selben Jahr begannen die Bauarbeiten f\u00fcr den zweiten Bauabschnitt (Lehrschwimm-becken, Turnhalle, Lehrk\u00fcche und 2 Klassenr\u00e4ume), der im Jahre 1961 fertig gestellt wurde.<br>Bei der Neuordnung des Schulwesens im Jahr 1968 wurde Erp als Standort einer Grundschule f\u00fcr die Ortschaften Borr, Erp, Friesheim, Niederberg und Scheuren bestimmt.<br>Die Anzahl der Sch\u00fclerinnen und Sch\u00fcler stieg nun von Jahr zu Jahr an und bald reichten die vorhandenen R\u00e4ume nicht mehr aus. Die Schule wurde deshalb um drei Klassenr\u00e4ume erweitert, die zum Schuljahresbeginn 1971\/72 bezogen wurden.<br>Bedingt durch das stetige Wachstum der Ortschaften, ergab sich Mitte der 90er-Jahre erneuter Raumbedarf und so wurden 1997 drei weitere Klassenr\u00e4ume angebaut.<\/p>\n","protected":false},"excerpt":{"rendered":"<p>Einzugsgebiet Kinder aus den Erftst\u00e4dter Stadtteilen Borr, Erp, Friesheim, Niederberg, Scheuren, Ahrem, Lechenich und Liblar besuchen unsere Schule, sowie einige Kinder aus den Nachbarorten Weilerswist und&nbsp; Z\u00fclpich. Somit sind die meisten unserer Kinder Fahrsch\u00fcler. In diesem Zusammenhang m\u00f6chten wir darauf hinweisen, dass in jeder Klasse Kinder aus verschiedenen Ortsteilen sind. Dadurch werden Kontakte auch \u00fcber den eigenen Wohnbezirk hinaus gef\u00f6rdert.<\/p>\n","protected":false},"author":1,"featured_media":0,"parent":0,"menu_order":0,"comment_status":"closed","ping_status":"closed","template":"","meta":{"ngg_post_thumbnail":0,"footnotes":""},"class_list":["post-2276","page","type-page","status-publish","hentry"],"_links":{"self":[{"href":"https:\/\/jks-erp.de\/index.php?rest_route=\/wp\/v2\/pages\/2276","targetHints":{"allow":["GET"]}}],"collection":[{"href":"https:\/\/jks-erp.de\/index.php?rest_route=\/wp\/v2\/pages"}],"about":[{"href":"https:\/\/jks-erp.de\/index.php?rest_route=\/wp\/v2\/types\/page"}],"author":[{"embeddable":true,"href":"https:\/\/jks-erp.de\/index.php?rest_route=\/wp\/v2\/users\/1"}],"replies":[{"embeddable":true,"href":"https:\/\/jks-erp.de\/index.php?rest_route=%2Fwp%2Fv2%2Fcomments&post=2276"}],"version-history":[{"count":10,"href":"https:\/\/jks-erp.de\/index.php?rest_route=\/wp\/v2\/pages\/2276\/revisions"}],"predecessor-version":[{"id":3653,"href":"https:\/\/jks-erp.de\/index.php?rest_route=\/wp\/v2\/pages\/2276\/revisions\/3653"}],"wp:attachment":[{"href":"https:\/\/jks-erp.de\/index.php?rest_route=%2Fwp%2Fv2%2Fmedia&parent=2276"}],"curies":[{"name":"wp","href":"https:\/\/api.w.org\/{rel}","templated":true}]}}