{"id":251,"date":"2018-06-02T15:04:09","date_gmt":"2018-06-02T15:04:09","guid":{"rendered":"http:\/\/jks-erp.de\/?page_id=251"},"modified":"2022-02-14T14:34:36","modified_gmt":"2022-02-14T14:34:36","slug":"das-ogs-haus","status":"publish","type":"page","link":"https:\/\/jks-erp.de\/?page_id=251","title":{"rendered":"Das OGS-Haus"},"content":{"rendered":"\n<p>Unsere OGS hat ein eigenes Haus, dass sich direkt neben dem Schulgeb\u00e4ude befindet und zum Schulgel\u00e4nde geh\u00f6rt<\/p>\n\n\n\n<p>Hierher kommen die&nbsp; Sch\u00fcler nach dem Unterricht. Sie melden sich bei einer Kollegin an und nehmen ihre mit ihrem Namen versehene Klammer vom Parkplatz, um sie dort anzuklammern wo sie sich aufhalten m\u00f6chten.<\/p>\n\n\n\n<div class=\"wp-block-image\"><figure class=\"aligncenter size-large is-resized\"><img loading=\"lazy\" decoding=\"async\" src=\"http:\/\/jks-erp.de\/wp-content\/uploads\/2021\/09\/Parkplatz-1024x887.jpg\" alt=\"\" class=\"wp-image-1863\" width=\"288\" height=\"248\" srcset=\"https:\/\/jks-erp.de\/wp-content\/uploads\/2021\/09\/Parkplatz-1024x887.jpg 1024w, https:\/\/jks-erp.de\/wp-content\/uploads\/2021\/09\/Parkplatz-768x665.jpg 768w, https:\/\/jks-erp.de\/wp-content\/uploads\/2021\/09\/Parkplatz-1536x1330.jpg 1536w, https:\/\/jks-erp.de\/wp-content\/uploads\/2021\/09\/Parkplatz-2048x1774.jpg 2048w\" sizes=\"auto, (max-width: 288px) 100vw, 288px\" \/><\/figure><\/div>\n\n\n\n<p><\/p>\n\n\n\n<p>Unser Haus bietet&nbsp;den Kindern&nbsp;verschiedene<strong>&nbsp;&#8222;Themenr\u00e4ume&#8220;<\/strong> an. <\/p>\n\n\n\n<p><\/p>\n\n\n\n<p>Der <strong>Mal- und Spieleraum<\/strong> l\u00e4d zum Malen, Spielen mit Gesellschaftsspielen und gem\u00fctlichen beisammen sein ein.<\/p>\n\n\n\n<div class=\"wp-block-group\"><div class=\"wp-block-group__inner-container is-layout-flow wp-block-group-is-layout-flow\">\n<div class=\"wp-block-image\"><figure class=\"aligncenter size-large is-resized\"><img loading=\"lazy\" decoding=\"async\" src=\"http:\/\/jks-erp.de\/wp-content\/uploads\/2021\/09\/Collage-Mal-Spieleraum-1024x1024.jpg\" alt=\"\" class=\"wp-image-1897\" width=\"411\" height=\"411\" srcset=\"https:\/\/jks-erp.de\/wp-content\/uploads\/2021\/09\/Collage-Mal-Spieleraum-1024x1024.jpg 1024w, https:\/\/jks-erp.de\/wp-content\/uploads\/2021\/09\/Collage-Mal-Spieleraum-300x300.jpg 300w, https:\/\/jks-erp.de\/wp-content\/uploads\/2021\/09\/Collage-Mal-Spieleraum-150x150.jpg 150w, https:\/\/jks-erp.de\/wp-content\/uploads\/2021\/09\/Collage-Mal-Spieleraum-768x768.jpg 768w, https:\/\/jks-erp.de\/wp-content\/uploads\/2021\/09\/Collage-Mal-Spieleraum-1536x1536.jpg 1536w, https:\/\/jks-erp.de\/wp-content\/uploads\/2021\/09\/Collage-Mal-Spieleraum-90x90.jpg 90w, https:\/\/jks-erp.de\/wp-content\/uploads\/2021\/09\/Collage-Mal-Spieleraum-75x75.jpg 75w, https:\/\/jks-erp.de\/wp-content\/uploads\/2021\/09\/Collage-Mal-Spieleraum.jpg 1920w\" sizes=\"auto, (max-width: 411px) 100vw, 411px\" \/><\/figure><\/div>\n\n\n\n<p><\/p>\n\n\n\n<p><\/p>\n<\/div><\/div>\n\n\n\n<p>Auf der oberen Etage befindet sich der <strong>Bau<\/strong>-, <strong>Mehrzweck- und Theaterraum<\/strong>.<\/p>\n\n\n\n<p>Im <strong>Bauraum<\/strong> k\u00f6nnen die&nbsp;Kinder mit einem umfangreichen Angebot an Legosteinen, verschiedenen Holzbausteinen, Playmobil, Fischertechnik u.a. eigenst\u00e4ndig und nach ihrer Fantasie gestalten.<\/p>\n\n\n\n<div class=\"wp-block-image\"><figure class=\"aligncenter size-large is-resized\"><img loading=\"lazy\" decoding=\"async\" src=\"http:\/\/jks-erp.de\/wp-content\/uploads\/2021\/09\/Collage-Bauraum-1024x1024.jpg\" alt=\"\" class=\"wp-image-1900\" width=\"452\" height=\"452\" srcset=\"https:\/\/jks-erp.de\/wp-content\/uploads\/2021\/09\/Collage-Bauraum-1024x1024.jpg 1024w, https:\/\/jks-erp.de\/wp-content\/uploads\/2021\/09\/Collage-Bauraum-300x300.jpg 300w, https:\/\/jks-erp.de\/wp-content\/uploads\/2021\/09\/Collage-Bauraum-150x150.jpg 150w, https:\/\/jks-erp.de\/wp-content\/uploads\/2021\/09\/Collage-Bauraum-768x768.jpg 768w, https:\/\/jks-erp.de\/wp-content\/uploads\/2021\/09\/Collage-Bauraum-1536x1536.jpg 1536w, https:\/\/jks-erp.de\/wp-content\/uploads\/2021\/09\/Collage-Bauraum-90x90.jpg 90w, https:\/\/jks-erp.de\/wp-content\/uploads\/2021\/09\/Collage-Bauraum-75x75.jpg 75w, https:\/\/jks-erp.de\/wp-content\/uploads\/2021\/09\/Collage-Bauraum.jpg 1920w\" sizes=\"auto, (max-width: 452px) 100vw, 452px\" \/><\/figure><\/div>\n\n\n\n<p><\/p>\n\n\n\n<p>Der <strong>Theaterraum<\/strong>&nbsp;regt die Fantasie der Kinder an. Beim Rollenspiel k\u00f6nnen&nbsp;sie das umfangreiche Angebot an Kleidungsst\u00fccken, einen Herd mit Geschirr und weiteren Haushaltsartikeln vielseitig nutzen.<\/p>\n\n\n\n<div class=\"wp-block-image\"><figure class=\"aligncenter size-large is-resized\"><img loading=\"lazy\" decoding=\"async\" src=\"http:\/\/jks-erp.de\/wp-content\/uploads\/2021\/09\/Theaterraum-1024x768.jpg\" alt=\"\" class=\"wp-image-1869\" width=\"384\" height=\"287\" srcset=\"https:\/\/jks-erp.de\/wp-content\/uploads\/2021\/09\/Theaterraum-1024x768.jpg 1024w, https:\/\/jks-erp.de\/wp-content\/uploads\/2021\/09\/Theaterraum-300x225.jpg 300w, https:\/\/jks-erp.de\/wp-content\/uploads\/2021\/09\/Theaterraum-768x576.jpg 768w, https:\/\/jks-erp.de\/wp-content\/uploads\/2021\/09\/Theaterraum-1536x1152.jpg 1536w, https:\/\/jks-erp.de\/wp-content\/uploads\/2021\/09\/Theaterraum-2048x1536.jpg 2048w\" sizes=\"auto, (max-width: 384px) 100vw, 384px\" \/><\/figure><\/div>\n\n\n\n<p>Viele Kinder abeiten gerne mit Materialen, wie Wolle, Stoff oder mit Nadel und Faden. Im <strong>Mehrzweckraum<\/strong> gibt es verschiedene altergerechte Optionen, wie Weben, N\u00e4hen oder das Arbeiten mit der Prickelnadel. <\/p>\n\n\n\n<div class=\"wp-block-image\"><figure class=\"aligncenter size-large is-resized\"><img loading=\"lazy\" decoding=\"async\" src=\"http:\/\/jks-erp.de\/wp-content\/uploads\/2021\/09\/Webrahmen-1024x768.jpg\" alt=\"\" class=\"wp-image-1870\" width=\"373\" height=\"279\" srcset=\"https:\/\/jks-erp.de\/wp-content\/uploads\/2021\/09\/Webrahmen-1024x768.jpg 1024w, https:\/\/jks-erp.de\/wp-content\/uploads\/2021\/09\/Webrahmen-300x225.jpg 300w, https:\/\/jks-erp.de\/wp-content\/uploads\/2021\/09\/Webrahmen-768x576.jpg 768w, https:\/\/jks-erp.de\/wp-content\/uploads\/2021\/09\/Webrahmen-1536x1152.jpg 1536w, https:\/\/jks-erp.de\/wp-content\/uploads\/2021\/09\/Webrahmen-2048x1536.jpg 2048w\" sizes=\"auto, (max-width: 373px) 100vw, 373px\" \/><\/figure><\/div>\n\n\n\n<p>Auch der Keller des OGS-Hauses hat tolle R\u00e4umlichkeiten zu bieten,<\/p>\n\n\n\n<p>Im <strong>Leseraum <\/strong>befindet sich unsere hauseigene kleine Bibliothek. Hier sammeln die Kinder ihre eigene Leseerfahrung oder genie\u00dfen eine entspannte Vorleserunde.<\/p>\n\n\n\n<div class=\"wp-block-image\"><figure class=\"aligncenter size-large is-resized\"><img loading=\"lazy\" decoding=\"async\" src=\"http:\/\/jks-erp.de\/wp-content\/uploads\/2021\/09\/Leseraum-1024x905.jpg\" alt=\"\" class=\"wp-image-1871\" width=\"379\" height=\"335\" srcset=\"https:\/\/jks-erp.de\/wp-content\/uploads\/2021\/09\/Leseraum-1024x905.jpg 1024w, https:\/\/jks-erp.de\/wp-content\/uploads\/2021\/09\/Leseraum-300x265.jpg 300w, https:\/\/jks-erp.de\/wp-content\/uploads\/2021\/09\/Leseraum-768x679.jpg 768w, https:\/\/jks-erp.de\/wp-content\/uploads\/2021\/09\/Leseraum-1536x1357.jpg 1536w, https:\/\/jks-erp.de\/wp-content\/uploads\/2021\/09\/Leseraum-2048x1809.jpg 2048w\" sizes=\"auto, (max-width: 379px) 100vw, 379px\" \/><\/figure><\/div>\n\n\n\n<p>Das <strong>Atelier<\/strong> und der <strong>Werkraum<\/strong> bieten viele M\u00f6glichkeiten des kreativen Ausprobierens.<\/p>\n\n\n\n<div class=\"wp-block-image\"><figure class=\"aligncenter size-large is-resized\"><img loading=\"lazy\" decoding=\"async\" src=\"http:\/\/jks-erp.de\/wp-content\/uploads\/2021\/09\/Collage-Keller-1024x612.png\" alt=\"\" class=\"wp-image-1901\" width=\"446\" height=\"266\" srcset=\"https:\/\/jks-erp.de\/wp-content\/uploads\/2021\/09\/Collage-Keller-1024x612.png 1024w, https:\/\/jks-erp.de\/wp-content\/uploads\/2021\/09\/Collage-Keller-300x179.png 300w, https:\/\/jks-erp.de\/wp-content\/uploads\/2021\/09\/Collage-Keller-768x459.png 768w, https:\/\/jks-erp.de\/wp-content\/uploads\/2021\/09\/Collage-Keller-1536x918.png 1536w, https:\/\/jks-erp.de\/wp-content\/uploads\/2021\/09\/Collage-Keller-2048x1224.png 2048w\" sizes=\"auto, (max-width: 446px) 100vw, 446px\" \/><\/figure><\/div>\n\n\n\n<p>Sollte wetterbedingt mal ausnahmsweise ein Aufenthalt auf dem Schulhof nicht m\u00f6glich sein, so hat das OGS-Haus im Keller einen gr\u00f6\u00dferen &#8222;<strong>&nbsp;Bewegungsraum<\/strong>&#8222;.Hier k\u00f6nnen die Kinder dann alternativ ihren Bewegungsdrang beim Spielen, Klettern uvm. ausleben.<\/p>\n\n\n\n<div class=\"wp-block-image\"><figure class=\"aligncenter size-large is-resized\"><img loading=\"lazy\" decoding=\"async\" src=\"http:\/\/jks-erp.de\/wp-content\/uploads\/2021\/09\/Bewegungsraum-1-1024x768.jpg\" alt=\"\" class=\"wp-image-1883\" width=\"412\" height=\"308\" srcset=\"https:\/\/jks-erp.de\/wp-content\/uploads\/2021\/09\/Bewegungsraum-1-1024x768.jpg 1024w, https:\/\/jks-erp.de\/wp-content\/uploads\/2021\/09\/Bewegungsraum-1-300x225.jpg 300w, https:\/\/jks-erp.de\/wp-content\/uploads\/2021\/09\/Bewegungsraum-1-768x576.jpg 768w, https:\/\/jks-erp.de\/wp-content\/uploads\/2021\/09\/Bewegungsraum-1-1536x1152.jpg 1536w, https:\/\/jks-erp.de\/wp-content\/uploads\/2021\/09\/Bewegungsraum-1-2048x1536.jpg 2048w\" sizes=\"auto, (max-width: 412px) 100vw, 412px\" \/><\/figure><\/div>\n\n\n\n<p><\/p>\n\n\n\n<p><\/p>\n\n\n\n<p>Unsere Kinder spielen auch gerne im angrenzenden<strong>&nbsp;Garten<\/strong> oder im&nbsp;<strong>Kickerraum<\/strong>.<\/p>\n\n\n\n<div class=\"wp-block-image\"><figure class=\"aligncenter size-large is-resized\"><img loading=\"lazy\" decoding=\"async\" src=\"http:\/\/jks-erp.de\/wp-content\/uploads\/2021\/09\/Kickerraum-905x1024.jpg\" alt=\"\" class=\"wp-image-1885\" width=\"284\" height=\"318\"\/><\/figure><\/div>\n\n\n\n<p>Regelm\u00e4\u00dfig angebotene&nbsp;<strong>Sonderaktionen ,<\/strong> wie z.B. w\u00f6chentlich wechselnde&nbsp;<strong>Bastelaktionen,<\/strong> die&nbsp;<strong>Garten-AG<\/strong> oder&nbsp;<strong>Weihnachtsbacken,<\/strong> runden unser Angebot f\u00fcr die KInder ab.<\/p>\n","protected":false},"excerpt":{"rendered":"<p>Unsere OGS hat ein eigenes Haus, dass sich direkt neben dem Schulgeb\u00e4ude befindet und zum Schulgel\u00e4nde geh\u00f6rt Hierher kommen die&nbsp; Sch\u00fcler nach dem Unterricht. Sie melden sich bei einer Kollegin an und nehmen ihre mit ihrem Namen versehene Klammer vom Parkplatz, um sie dort anzuklammern wo sie sich aufhalten m\u00f6chten. Unser Haus bietet&nbsp;den Kindern&nbsp;verschiedene&nbsp;&#8222;Themenr\u00e4ume&#8220; an. Der Mal- und Spieleraum l\u00e4d<\/p>\n","protected":false},"author":1,"featured_media":0,"parent":0,"menu_order":0,"comment_status":"closed","ping_status":"closed","template":"","meta":{"ngg_post_thumbnail":0,"footnotes":""},"class_list":["post-251","page","type-page","status-publish","hentry"],"_links":{"self":[{"href":"https:\/\/jks-erp.de\/index.php?rest_route=\/wp\/v2\/pages\/251","targetHints":{"allow":["GET"]}}],"collection":[{"href":"https:\/\/jks-erp.de\/index.php?rest_route=\/wp\/v2\/pages"}],"about":[{"href":"https:\/\/jks-erp.de\/index.php?rest_route=\/wp\/v2\/types\/page"}],"author":[{"embeddable":true,"href":"https:\/\/jks-erp.de\/index.php?rest_route=\/wp\/v2\/users\/1"}],"replies":[{"embeddable":true,"href":"https:\/\/jks-erp.de\/index.php?rest_route=%2Fwp%2Fv2%2Fcomments&post=251"}],"version-history":[{"count":23,"href":"https:\/\/jks-erp.de\/index.php?rest_route=\/wp\/v2\/pages\/251\/revisions"}],"predecessor-version":[{"id":1905,"href":"https:\/\/jks-erp.de\/index.php?rest_route=\/wp\/v2\/pages\/251\/revisions\/1905"}],"wp:attachment":[{"href":"https:\/\/jks-erp.de\/index.php?rest_route=%2Fwp%2Fv2%2Fmedia&parent=251"}],"curies":[{"name":"wp","href":"https:\/\/api.w.org\/{rel}","templated":true}]}}