{"id":2956,"date":"2023-05-15T13:02:19","date_gmt":"2023-05-15T13:02:19","guid":{"rendered":"http:\/\/jks-erp.de\/?page_id=2956"},"modified":"2023-05-15T13:05:55","modified_gmt":"2023-05-15T13:05:55","slug":"unsere-werke","status":"publish","type":"page","link":"https:\/\/jks-erp.de\/?page_id=2956","title":{"rendered":"Aus den Klassen!"},"content":{"rendered":"\n<p>Ein Teil der Klasse 4a wurde mit Unterst\u00fctzung von Frau Tr\u00fc\u00fcn zu Dichterinnen und Dichtern. Sie haben sich eigene Fr\u00fchlingsgedichte ausgedacht, verschriftlicht und gestaltet. Viel Spa\u00df beim Lesen!<\/p>\n\n\n\n<div class=\"wp-block-media-text alignwide is-stacked-on-mobile\"><figure class=\"wp-block-media-text__media\"><img loading=\"lazy\" decoding=\"async\" width=\"358\" height=\"545\" src=\"http:\/\/jks-erp.de\/wp-content\/uploads\/2023\/05\/Gedicht-1-2.png\" alt=\"\" class=\"wp-image-2970 size-full\" srcset=\"https:\/\/jks-erp.de\/wp-content\/uploads\/2023\/05\/Gedicht-1-2.png 358w, https:\/\/jks-erp.de\/wp-content\/uploads\/2023\/05\/Gedicht-1-2-197x300.png 197w\" sizes=\"auto, (max-width: 358px) 100vw, 358px\" \/><\/figure><div class=\"wp-block-media-text__content\">\n<p class=\"has-large-font-size\"><\/p>\n<\/div><\/div>\n\n\n\n<div class=\"wp-block-media-text alignwide has-media-on-the-right is-stacked-on-mobile\"><figure class=\"wp-block-media-text__media\"><img loading=\"lazy\" decoding=\"async\" width=\"456\" height=\"548\" src=\"http:\/\/jks-erp.de\/wp-content\/uploads\/2023\/05\/Gedicht-2-1.png\" alt=\"\" class=\"wp-image-2971 size-full\" srcset=\"https:\/\/jks-erp.de\/wp-content\/uploads\/2023\/05\/Gedicht-2-1.png 456w, https:\/\/jks-erp.de\/wp-content\/uploads\/2023\/05\/Gedicht-2-1-250x300.png 250w\" sizes=\"auto, (max-width: 456px) 100vw, 456px\" \/><\/figure><div class=\"wp-block-media-text__content\">\n<p class=\"has-large-font-size\"><\/p>\n<\/div><\/div>\n\n\n\n<figure class=\"wp-block-image size-large\"><img loading=\"lazy\" decoding=\"async\" width=\"439\" height=\"563\" src=\"http:\/\/jks-erp.de\/wp-content\/uploads\/2023\/05\/Gedicht-3-1.png\" alt=\"\" class=\"wp-image-2972\" srcset=\"https:\/\/jks-erp.de\/wp-content\/uploads\/2023\/05\/Gedicht-3-1.png 439w, https:\/\/jks-erp.de\/wp-content\/uploads\/2023\/05\/Gedicht-3-1-234x300.png 234w\" sizes=\"auto, (max-width: 439px) 100vw, 439px\" \/><\/figure>\n\n\n\n<div class=\"wp-block-media-text alignwide has-media-on-the-right is-stacked-on-mobile\"><figure class=\"wp-block-media-text__media\"><img loading=\"lazy\" decoding=\"async\" width=\"426\" height=\"622\" src=\"http:\/\/jks-erp.de\/wp-content\/uploads\/2023\/05\/Gedicht-4-1.png\" alt=\"\" class=\"wp-image-2973 size-full\" srcset=\"https:\/\/jks-erp.de\/wp-content\/uploads\/2023\/05\/Gedicht-4-1.png 426w, https:\/\/jks-erp.de\/wp-content\/uploads\/2023\/05\/Gedicht-4-1-205x300.png 205w\" sizes=\"auto, (max-width: 426px) 100vw, 426px\" \/><\/figure><div class=\"wp-block-media-text__content\">\n<p class=\"has-large-font-size\"><\/p>\n<\/div><\/div>\n\n\n\n<div class=\"wp-block-media-text alignwide is-stacked-on-mobile\"><figure class=\"wp-block-media-text__media\"><img loading=\"lazy\" decoding=\"async\" width=\"391\" height=\"568\" src=\"http:\/\/jks-erp.de\/wp-content\/uploads\/2023\/05\/Gedicht-5-1.png\" alt=\"\" class=\"wp-image-2974 size-full\" srcset=\"https:\/\/jks-erp.de\/wp-content\/uploads\/2023\/05\/Gedicht-5-1.png 391w, https:\/\/jks-erp.de\/wp-content\/uploads\/2023\/05\/Gedicht-5-1-207x300.png 207w\" sizes=\"auto, (max-width: 391px) 100vw, 391px\" \/><\/figure><div class=\"wp-block-media-text__content\">\n<p class=\"has-large-font-size\"><\/p>\n<\/div><\/div>\n\n\n\n<p><\/p>\n","protected":false},"excerpt":{"rendered":"<p>Ein Teil der Klasse 4a wurde mit Unterst\u00fctzung von Frau Tr\u00fc\u00fcn zu Dichterinnen und Dichtern. Sie haben sich eigene Fr\u00fchlingsgedichte ausgedacht, verschriftlicht und gestaltet. Viel Spa\u00df beim Lesen!<\/p>\n","protected":false},"author":1,"featured_media":0,"parent":0,"menu_order":0,"comment_status":"closed","ping_status":"closed","template":"","meta":{"ngg_post_thumbnail":0,"footnotes":""},"class_list":["post-2956","page","type-page","status-publish","hentry"],"_links":{"self":[{"href":"https:\/\/jks-erp.de\/index.php?rest_route=\/wp\/v2\/pages\/2956","targetHints":{"allow":["GET"]}}],"collection":[{"href":"https:\/\/jks-erp.de\/index.php?rest_route=\/wp\/v2\/pages"}],"about":[{"href":"https:\/\/jks-erp.de\/index.php?rest_route=\/wp\/v2\/types\/page"}],"author":[{"embeddable":true,"href":"https:\/\/jks-erp.de\/index.php?rest_route=\/wp\/v2\/users\/1"}],"replies":[{"embeddable":true,"href":"https:\/\/jks-erp.de\/index.php?rest_route=%2Fwp%2Fv2%2Fcomments&post=2956"}],"version-history":[{"count":10,"href":"https:\/\/jks-erp.de\/index.php?rest_route=\/wp\/v2\/pages\/2956\/revisions"}],"predecessor-version":[{"id":2978,"href":"https:\/\/jks-erp.de\/index.php?rest_route=\/wp\/v2\/pages\/2956\/revisions\/2978"}],"wp:attachment":[{"href":"https:\/\/jks-erp.de\/index.php?rest_route=%2Fwp%2Fv2%2Fmedia&parent=2956"}],"curies":[{"name":"wp","href":"https:\/\/api.w.org\/{rel}","templated":true}]}}