{"id":77,"date":"2018-05-09T10:02:50","date_gmt":"2018-05-09T10:02:50","guid":{"rendered":"http:\/\/jks-erp.de\/?page_id=77"},"modified":"2024-09-25T15:06:39","modified_gmt":"2024-09-25T15:06:39","slug":"service","status":"publish","type":"page","link":"https:\/\/jks-erp.de\/?page_id=77","title":{"rendered":"Datenschutz"},"content":{"rendered":"<p><strong>Hinweise zur Datenschutzgrundverordnung <\/strong><strong>im Schulbereich&nbsp;&nbsp;&nbsp;&nbsp;&nbsp;&nbsp;&nbsp;&nbsp;&nbsp;&nbsp;&nbsp;&nbsp;&nbsp;&nbsp;&nbsp; <\/strong><\/p>\n<p>Informationspflicht, Art. 13, 14 DSGVO&nbsp;&nbsp;&nbsp;<\/p>\n<p>Zur Erf\u00fcllung der Grunds\u00e4tze einer fairen und transparenten Verarbeitung personenbezogener Daten ist mit der DSGVO <strong>die neue Verpflichtung <\/strong>vorgegeben, dass der Verantwortliche den betroffenen Personen zum Zeitpunkt der Erhebung mitteilt, zu welchen Zwecken die Daten verarbeitet werden, Name und Kontaktdaten der Verantwortlichen, u.v.m.&nbsp;&nbsp;&nbsp;<\/p>\n<p>Auch bislang hatten Betroffene selbstverst\u00e4ndlich bereits das Recht, sich \u00fcber die Verarbeitung ihrer Daten informieren zu lassen (vgl. \u00a7 120 Abs. 7 SchulG). Dies allerdings auf ihre eigene Initiative hin. Nunmehr ist aber umgekehrt der Verantwortliche in der Pflicht, von sich aus unaufgefordert die Betroffenen \u2013 also Sch\u00fcler, Eltern und Lehrkr\u00e4fte \u2013 dar\u00fcber zu informieren.<\/p>\n<ol>\n<li>Das Ministerium des Inneren (MI) hat zu den Informationspflichten gem\u00e4\u00df Art. 13 und 14 DSGVO Muster folgende&nbsp;und erg\u00e4nzende Hinweise auf seiner Homepage eingestellt:<\/li>\n<\/ol>\n<p><span style=\"color: #333399;\"><a style=\"color: #333399;\" href=\"http:\/\/jks-erp.de\/wp-content\/uploads\/2018\/10\/Schulmail1.nrw_.pdf\">Schulmail1.nrw<\/a><\/span><\/p>\n<p><span style=\"color: #333399;\"><a style=\"color: #333399;\" href=\"http:\/\/jks-erp.de\/wp-content\/uploads\/2018\/10\/Schulmail2.nrw_.pdf\">Schulmail2.nrw<\/a><\/span><\/p>\n<p>Die erforderlichen Informationen z.B. zum Zweck der Datenverarbeitung, Speicherdauer u.\u00e4. sind im Schulbereich bereits detailliert und umfassend in den VO DV I und VO DV II enthalten; es ist nicht m\u00f6glich, diese Angaben nochmals gesondert in Kurzform in diesem Vordruck zusammenzufassen. Daher ist es zweckm\u00e4\u00dfig und ausreichend, wenn mittels Link auf die ausf\u00fchrlichen Vorgaben der VO DV I und II verwiesen wird.<\/p>\n<p>F\u00fcr Schulen sind entsprechende Angaben, soweit dies zentral und generalisierend m\u00f6glich ist, <strong>als Hilfestellung bereits in den Muster-Informationsdokumenten ausgef\u00fcllt und werden nachfolgend als Pdf-Dokument bereitgestellt<\/strong>.&nbsp;&nbsp;<\/p>\n<p><span style=\"color: #333399;\"><a style=\"color: #333399;\" href=\"http:\/\/jks-erp.de\/wp-content\/uploads\/2018\/10\/VO-DV_I.pdf\">VO-DV_I<\/a><\/span><\/p>\n<p>Dabei ist zu differenzieren zwischen den Informationen, die f\u00fcr<\/p>\n<ul>\n<li>Eltern, Sch\u00fclerinnen und Sch\u00fcler &nbsp;und<\/li>\n<li>Personal an Schulen einschlie\u00dflich Personen am ZfsL gedacht sind.&nbsp;&nbsp;&nbsp;&nbsp;F\u00fcr jede der beiden Personengruppen ist jeweils eine Anlage beigef\u00fcgt. Abweichend von den Mustern des MI sind die Angaben f\u00fcr Daten, die bei den Betroffenen selbst erhoben werden (Art. 13 DSGVO) und solchen Daten, die bei Dritten (z.B. Schulaufsichtsbeh\u00f6rden) erhoben werden (Art. 14 DSGVO), in einem Dokument zusammen erfasst.<\/li>\n<\/ul>\n<ol start=\"2\">\n<li>Damit das Erf\u00fcllen der Informationspflichten ohne unverh\u00e4ltnism\u00e4\u00dfigen Verwaltungsaufwand praktikabel ist, ist es zweckm\u00e4\u00dfig, wenn diese <strong>grunds\u00e4tzlichen Informationsdokumente ausgef\u00fcllt auf der Homepage der jeweiligen Schule ver\u00f6ffentlicht<\/strong> werden.&nbsp;&nbsp;&nbsp;&nbsp;&nbsp;<\/li>\n<\/ol>\n<p>&nbsp;<\/p>\n<p>Anbei die Informationen zur Verarbeitung personenbezogener Daten (Stand 09\/2024):<\/p>\n\n\n<div data-wp-interactive=\"core\/file\" class=\"wp-block-file\"><object data-wp-bind--hidden=\"!state.hasPdfPreview\" hidden class=\"wp-block-file__embed\" data=\"https:\/\/jks-erp.de\/wp-content\/uploads\/2024\/09\/Anmeldung-Information-DV-24-09-8.pdf\" type=\"application\/pdf\" style=\"width:100%;height:600px\" aria-label=\"Einbettung von Anmeldung Information DV 24-09.\"><\/object><a id=\"wp-block-file--media-8def645b-f6ce-4040-961a-7ed9d9b6b585\" href=\"https:\/\/jks-erp.de\/wp-content\/uploads\/2024\/09\/Anmeldung-Information-DV-24-09-8.pdf\">Anmeldung Information DV 24-09<\/a><a href=\"https:\/\/jks-erp.de\/wp-content\/uploads\/2024\/09\/Anmeldung-Information-DV-24-09-8.pdf\" class=\"wp-block-file__button wp-element-button\" download aria-describedby=\"wp-block-file--media-8def645b-f6ce-4040-961a-7ed9d9b6b585\">Herunterladen<\/a><\/div>\n","protected":false},"excerpt":{"rendered":"<p>Hinweise zur Datenschutzgrundverordnung im Schulbereich&nbsp;&nbsp;&nbsp;&nbsp;&nbsp;&nbsp;&nbsp;&nbsp;&nbsp;&nbsp;&nbsp;&nbsp;&nbsp;&nbsp;&nbsp; Informationspflicht, Art. 13, 14 DSGVO&nbsp;&nbsp;&nbsp; Zur Erf\u00fcllung der Grunds\u00e4tze einer fairen und transparenten Verarbeitung personenbezogener Daten ist mit der DSGVO die neue Verpflichtung vorgegeben, dass der Verantwortliche den betroffenen Personen zum Zeitpunkt der Erhebung mitteilt, zu welchen Zwecken die Daten verarbeitet werden, Name und Kontaktdaten der Verantwortlichen, u.v.m.&nbsp;&nbsp;&nbsp; Auch bislang hatten Betroffene selbstverst\u00e4ndlich bereits das<\/p>\n","protected":false},"author":1,"featured_media":0,"parent":0,"menu_order":0,"comment_status":"closed","ping_status":"closed","template":"","meta":{"ngg_post_thumbnail":0,"footnotes":""},"class_list":["post-77","page","type-page","status-publish","hentry"],"_links":{"self":[{"href":"https:\/\/jks-erp.de\/index.php?rest_route=\/wp\/v2\/pages\/77","targetHints":{"allow":["GET"]}}],"collection":[{"href":"https:\/\/jks-erp.de\/index.php?rest_route=\/wp\/v2\/pages"}],"about":[{"href":"https:\/\/jks-erp.de\/index.php?rest_route=\/wp\/v2\/types\/page"}],"author":[{"embeddable":true,"href":"https:\/\/jks-erp.de\/index.php?rest_route=\/wp\/v2\/users\/1"}],"replies":[{"embeddable":true,"href":"https:\/\/jks-erp.de\/index.php?rest_route=%2Fwp%2Fv2%2Fcomments&post=77"}],"version-history":[{"count":19,"href":"https:\/\/jks-erp.de\/index.php?rest_route=\/wp\/v2\/pages\/77\/revisions"}],"predecessor-version":[{"id":3468,"href":"https:\/\/jks-erp.de\/index.php?rest_route=\/wp\/v2\/pages\/77\/revisions\/3468"}],"wp:attachment":[{"href":"https:\/\/jks-erp.de\/index.php?rest_route=%2Fwp%2Fv2%2Fmedia&parent=77"}],"curies":[{"name":"wp","href":"https:\/\/api.w.org\/{rel}","templated":true}]}}