{"id":89,"date":"2018-05-15T10:05:29","date_gmt":"2018-05-15T10:05:29","guid":{"rendered":"http:\/\/jks-erp.de\/?page_id=89"},"modified":"2026-03-20T10:24:19","modified_gmt":"2026-03-20T10:24:19","slug":"home","status":"publish","type":"page","link":"https:\/\/jks-erp.de\/","title":{"rendered":""},"content":{"rendered":"\n<h2 class=\"wp-block-heading\"><strong><mark style=\"background-color:rgba(0, 0, 0, 0)\" class=\"has-inline-color has-primary-color\">Herzlich Willkommen auf der Internetseite der Janusz-Korczak-Schule!<\/mark><\/strong><\/h2>\n\n\n\n<p>Liebe Kinder, liebe Eltern,<\/p>\n\n\n\n<p>sehr geehrte Damen und Herren,<\/p>\n\n\n\n<p>die zwei Wochen unserer Aktion \u201eKeine Elterntaxis\u201c (09.03.\u201320.03.2026) sind nun vorbei \u2013 und wir m\u00f6chten uns ganz herzlich f\u00fcr Ihre Unterst\u00fctzung bedanken!<\/p>\n\n\n\n<p>Dank Ihres Engagements war es in dieser Zeit deutlich ruhiger und sicherer vor unserer Schule. Die Kinder konnten ihren Schulweg entspannter zur\u00fccklegen, und die Verkehrssituation in der Schutzzone zwischen \u201eIn der R\u00f6pp\u201c und der Kreuzung \u201eB\u00fchler Graben\/Hochstra\u00dfe\u201c hat sich sp\u00fcrbar verbessert. Halten und Parken direkt vor der Schule entfiel fast vollst\u00e4ndig, wodurch die Gefahr durch un\u00fcbersichtliche Situationen und riskante Wendeman\u00f6ver deutlich reduziert wurde.<\/p>\n\n\n\n<p>Ein gro\u00dfer Dank geht an Frau Tina Binner, das Ordnungsamt, Ortsb\u00fcrgermeisterin Cornelia H\u00fctten und die Stadt Erftstadt, &nbsp;f\u00fcr ihre tatkr\u00e4ftige Unterst\u00fctzung, die die Umsetzung dieser Aktion erst m\u00f6glich gemacht hat. Auch auf der Webseite der Stadt wurde die Aktion positiv hervorgehoben und als beispielhaft f\u00fcr mehr Sicherheit und weniger Verkehr vor Schulen dargestellt. <a href=\"https:\/\/www.erftstadt.de\/aktuelles\/news\/keine-elterntaxis.php\">https:\/\/www.erftstadt.de\/aktuelles\/news\/keine-elterntaxis.php<\/a> und <a href=\"https:\/\/www.erftstadt.de\/aktuelles\/news\/aktion-keine-elterntaxis.php\">https:\/\/www.erftstadt.de\/aktuelles\/news\/aktion-keine-elterntaxis.php<\/a><\/p>\n\n\n\n<p>Ebenfalls m\u00f6chten wir Amilia und Emilia herzlich danken \u2013 sie haben die Initiative eigenst\u00e4ndig geplant und mit viel Engagement mit Unterst\u00fctzung ihrer Klassenkamerad: innen durchgef\u00fchrt. Die Initiative der beiden Sch\u00fclerinnen der Klasse 4b hat gezeigt, wie viel Bewegung, Eigeninitiative und R\u00fccksichtnahme bewirken k\u00f6nnen. Ebenso danken wir unserem gesamten Lehrer:innen-Team, das die Aktion begleitet und die Kinder motiviert hat.<\/p>\n\n\n\n<p>Die positiven Erfahrungen dieser beiden Wochen machen deutlich, wie wichtig es ist, diese Regelung auch <strong>zuk\u00fcnftig<\/strong> fortzuf\u00fchren. Jede \u201eFu\u00dfspur\u201c, jeder Schulweg zu Fu\u00df, mit dem Roller oder Fahrrad tr\u00e4gt dazu bei, unsere Schule zu einem sicheren Ort f\u00fcr alle Kinder zu machen. Bitte halten Sie sich auch weiterhin an die Schutzzone und machen Sie gemeinsam mit uns den Schulweg der Kinder sicherer.<\/p>\n\n\n\n<p>In der kommenden Woche wird die Schulgemeinde ihre wohlverdiente \u00dcberraschung erhalten.<\/p>\n\n\n\n<p>Wir freuen uns darauf, weiterhin gemeinsam mit Ihnen den Schulweg sicher und lebendig zu gestalten.<\/p>\n\n\n\n<p>Vielen Dank f\u00fcr Ihre Unterst\u00fctzung!<\/p>\n\n\n\n<p>Herzliche Gr\u00fc\u00dfe und ein sonniges Wochenenden im Namen des gesamten Schulteams<\/p>\n\n\n\n<p>Andrea Holz&nbsp;&nbsp;&nbsp;&nbsp;&nbsp;&nbsp;&nbsp;&nbsp;&nbsp;&nbsp;&nbsp;&nbsp;&nbsp;&nbsp;&nbsp;&nbsp;&nbsp;&nbsp;&nbsp;&nbsp; Kristin Friedrichs<\/p>\n\n\n\n<p>(Schulleiterin)&nbsp;&nbsp;&nbsp;&nbsp;&nbsp;&nbsp;&nbsp;&nbsp;&nbsp;&nbsp;&nbsp;&nbsp;&nbsp;&nbsp;&nbsp;&nbsp;&nbsp; (stellv. Schulleiterin)<\/p>\n\n\n\n<p class=\"has-white-color has-text-color has-link-color wp-elements-1131ded5aca5af02c475004ec008a0b9\">Hier e <\/p>\n\n\n\n<p>Artikel zu unserer Aktion: <a href=\"https:\/\/www.erftstadt.de\/aktuelles\/news\/keine-elterntaxis.php\">https:\/\/www.erftstadt.de\/aktuelles\/news\/keine-elterntaxis.php<\/a> und <a href=\"https:\/\/www.erftstadt.de\/aktuelles\/news\/aktion-keine-elterntaxis.php\">https:\/\/www.erftstadt.de\/aktuelles\/news\/aktion-keine-elterntaxis.php<\/a><\/p>\n\n\n\n<p><\/p>\n\n\n\n<figure class=\"wp-block-image size-large\"><a href=\"https:\/\/www.erftstadt.de\/aktuelles\/news\/keine-elterntaxis.php\"><img loading=\"lazy\" decoding=\"async\" width=\"1024\" height=\"512\" src=\"https:\/\/jks-erp.de\/wp-content\/uploads\/2026\/03\/Elterntaxi_Info-1-1024x512.jpg\" alt=\"\" class=\"wp-image-3955\" srcset=\"https:\/\/jks-erp.de\/wp-content\/uploads\/2026\/03\/Elterntaxi_Info-1-1024x512.jpg 1024w, https:\/\/jks-erp.de\/wp-content\/uploads\/2026\/03\/Elterntaxi_Info-1-300x150.jpg 300w, https:\/\/jks-erp.de\/wp-content\/uploads\/2026\/03\/Elterntaxi_Info-1-768x384.jpg 768w, https:\/\/jks-erp.de\/wp-content\/uploads\/2026\/03\/Elterntaxi_Info-1-1536x768.jpg 1536w, https:\/\/jks-erp.de\/wp-content\/uploads\/2026\/03\/Elterntaxi_Info-1-2048x1024.jpg 2048w\" sizes=\"auto, (max-width: 1024px) 100vw, 1024px\" \/><\/a><\/figure>\n\n\n\n<p class=\"has-white-color has-text-color has-link-color wp-elements-84cead6da039a6fb615981de2619f9a0\">s clja vl<\/p>\n\n\n\n<p>Liebe&nbsp;Eltern,<\/p>\n\n\n\n<p>im&nbsp;Zeitraum&nbsp;vom&nbsp;<strong>09.03.&nbsp;bis&nbsp;20.03.2026<\/strong>&nbsp;findet&nbsp;an&nbsp;unserer&nbsp;Schule&nbsp;eine&nbsp;besondere&nbsp;Aktion&nbsp;statt:<\/p>\n\n\n\n<p><strong>\u201eKeine Elterntaxis\u201c \u2013 Ohne Auto zur JKS &#8211; besser f\u00fcr uns und unsere Erde.<\/strong><\/p>\n\n\n\n<p>In&nbsp;diesen&nbsp;zwei&nbsp;Wochen&nbsp;m\u00f6chten&nbsp;wir&nbsp;erreichen,&nbsp;dass&nbsp;<strong>keine&nbsp;Elterntaxis&nbsp;in&nbsp;der&nbsp;Schutzzone&nbsp;(ab&nbsp;dem&nbsp;\u00dcberweg&nbsp;&#8222;In&nbsp;der&nbsp;R\u00f6pp&#8220;&nbsp;bis&nbsp;zur&nbsp;Kreuzung&nbsp;&#8222;B\u00fchler&nbsp;Graben\/Hochstra\u00dfe&#8220;)&nbsp;parken&nbsp;oder&nbsp;halten.<\/strong><\/p>\n\n\n\n<p>Die&nbsp;Initiative&nbsp;wurde&nbsp;von&nbsp;zwei&nbsp;engagierten&nbsp;Sch\u00fclerinnen&nbsp;der&nbsp;Klasse&nbsp;4b&nbsp;im&nbsp;Rahmen&nbsp;des&nbsp;Projektlernformats&nbsp;FreiDay&nbsp;ins&nbsp;Leben&nbsp;gerufen&nbsp;und&nbsp;eigenst\u00e4ndig&nbsp;geplant.&nbsp;Ziel&nbsp;ist&nbsp;es,&nbsp;die&nbsp;Verkehrssituation&nbsp;vor&nbsp;unserer&nbsp;Schule&nbsp;deutlich&nbsp;zu&nbsp;entspannen&nbsp;und&nbsp;die&nbsp; Sicherheit&nbsp;aller&nbsp;Kinder&nbsp;zu&nbsp;erh\u00f6hen.<\/p>\n\n\n\n<p>Die&nbsp;Gefahr,&nbsp;die&nbsp;durch&nbsp;haltende&nbsp;und&nbsp;parkende&nbsp;Autos&nbsp;unmittelbar&nbsp;vor&nbsp;dem&nbsp;Schulgel\u00e4nde&nbsp;entsteht,&nbsp;ist&nbsp;f\u00fcr&nbsp;die&nbsp;Kinder&nbsp;\u2013&nbsp;und&nbsp;auch&nbsp;f\u00fcr&nbsp;uns&nbsp;als&nbsp;Schule&nbsp;t\u00e4glich&nbsp;sp\u00fcrbar.&nbsp;Un\u00fcbersichtliche&nbsp;Situationen,&nbsp;eingeschr\u00e4nkte&nbsp;Sicht&nbsp;und&nbsp;riskante&nbsp; Wendeman\u00f6ver&nbsp;gef\u00e4hrden&nbsp;die&nbsp;Sch\u00fclerinnen&nbsp;und&nbsp;Sch\u00fcler.&nbsp;Hier&nbsp;m\u00fcssen&nbsp;wir&nbsp;dringend&nbsp;gemeinsam&nbsp;handeln.<\/p>\n\n\n\n<p><strong>So&nbsp;funktioniert&nbsp;die&nbsp;Aktion:<\/strong><\/p>\n\n\n\n<p>Die&nbsp;Kinder&nbsp;sammeln&nbsp;f\u00fcr&nbsp;jeden&nbsp;Tag,&nbsp;an&nbsp;dem&nbsp;sie&nbsp;nicht&nbsp;mit&nbsp;dem&nbsp;Auto&nbsp;in&nbsp;der&nbsp;Schutzzone&nbsp;abgesetzt&nbsp;werden,&nbsp;eine&nbsp;\u201eFu\u00dfspur\u201c.&nbsp; Wenn&nbsp;die&nbsp;Aktion&nbsp;erfolgreich&nbsp;ist,&nbsp;wartet&nbsp;auf&nbsp;alle&nbsp;Kinder&nbsp;eine&nbsp;gemeinsame&nbsp;Belohnung.<\/p>\n\n\n\n<p>Unterst\u00fctzt&nbsp;wird&nbsp;unsere&nbsp;Schule&nbsp;bei&nbsp;dieser&nbsp;Aktion&nbsp;durch&nbsp;die&nbsp;Stadt&nbsp;Erftstadt,&nbsp;die&nbsp;Polizei,&nbsp;die&nbsp;Ortsb\u00fcrgermeisterin&nbsp;sowie&nbsp; engagierte&nbsp;Eltern&nbsp;aus&nbsp;der&nbsp;Schulpflegschaft.<\/p>\n\n\n\n<p>Wir&nbsp;bitten&nbsp;Sie&nbsp;herzlich&nbsp;um&nbsp;Ihre&nbsp;Unterst\u00fctzung:<\/p>\n\n\n\n<p>Lassen&nbsp;Sie&nbsp;Ihr&nbsp;Kind&nbsp;wenn&nbsp;m\u00f6glich&nbsp;ein&nbsp;St\u00fcck&nbsp;entfernt&nbsp;aussteigen&nbsp;oder&nbsp;erm\u00f6glichen&nbsp;Sie&nbsp;ihm,&nbsp;den&nbsp;Schulweg&nbsp;zu&nbsp;Fu\u00df,&nbsp;mit&nbsp;dem&nbsp;Roller&nbsp;oder&nbsp;dem&nbsp;Fahrrad&nbsp;zur\u00fcckzulegen.&nbsp;So&nbsp;leisten&nbsp;Sie&nbsp;einen&nbsp;wichtigen&nbsp;Beitrag&nbsp;zur&nbsp;Sicherheit&nbsp;aller&nbsp;Kinder.&nbsp;Der&nbsp;Schulbus&nbsp;darf&nbsp;nat\u00fcrlich&nbsp;weiterhin&nbsp;in&nbsp; der&nbsp;Schutzzone&nbsp;halten.<\/p>\n\n\n\n<p>Im&nbsp;Anhang&nbsp;dieser&nbsp;Mail&nbsp;finden&nbsp;Sie&nbsp;unser&nbsp;Banner&nbsp;zu&nbsp;der&nbsp;Aktion&nbsp;und&nbsp;einen&nbsp;Auszug&nbsp;aus&nbsp;GoogleMaps,&nbsp;in&nbsp;dem&nbsp;wir&nbsp;Ihnen&nbsp;die&nbsp; Schutzzone&nbsp;eingezeichnet&nbsp;haben.&nbsp;<\/p>\n\n\n\n<p>Weitere Infos finden Sie auch unter: <a href=\"https:\/\/www.erftstadt.de\/aktuelles\/news\/aktion-keine-elterntaxis.php\">https:\/\/www.erftstadt.de\/aktuelles\/news\/aktion-keine-elterntaxis.php<\/a> <\/p>\n\n\n\n<p>Gemeinsam&nbsp;k\u00f6nnen&nbsp;wir&nbsp;zeigen,&nbsp;dass&nbsp;R\u00fccksicht&nbsp;und&nbsp;Verantwortung&nbsp;unseren&nbsp;Schulweg&nbsp;sicherer&nbsp;machen.<\/p>\n\n\n\n<p>Vielen&nbsp;Dank&nbsp;f\u00fcr&nbsp;Ihre&nbsp;Unterst\u00fctzung!<\/p>\n\n\n\n<p>Herzliche Gr\u00fc\u00dfe<\/p>\n\n\n\n<p>Andrea Holz&nbsp;&nbsp;&nbsp;&nbsp;&nbsp;&nbsp;&nbsp;&nbsp;&nbsp;&nbsp;&nbsp;&nbsp;&nbsp;&nbsp;&nbsp;&nbsp;&nbsp;&nbsp;&nbsp;&nbsp; Kristin Friedrichs<\/p>\n\n\n\n<p>(Schulleiterin)&nbsp;&nbsp;&nbsp;&nbsp;&nbsp;&nbsp;&nbsp;&nbsp;&nbsp;&nbsp;&nbsp;&nbsp;&nbsp;&nbsp;&nbsp;&nbsp;&nbsp; (stellv. Schulleiterin)<\/p>\n\n\n\n<p class=\"has-white-color has-text-color has-link-color wp-elements-c645e628e62f8fbab9d9726851472d16\"><\/p>\n\n\n\n<p class=\"has-white-color has-text-color has-link-color wp-elements-f828c0e8509a3944dd50e7b432b1cf7e\">nvkernmqr#<\/p>\n\n\n\n<p class=\"has-white-color has-text-color has-link-color wp-elements-a952acc3251d6a637ba12ba8fc50ac1f\">gnek\u00f6sgnew<\/p>\n\n\n\n<p class=\"has-white-color has-text-color has-link-color wp-elements-69c63c793f99de07c8a509d6a11e8153\">nvk\u00f6dvna\u00f6kv<\/p>\n\n\n<div class=\"wp-block-image\">\n<figure class=\"alignleft size-large is-resized\"><img loading=\"lazy\" decoding=\"async\" width=\"768\" height=\"1024\" src=\"https:\/\/jks-erp.de\/wp-content\/uploads\/2025\/07\/IMG_2168-2-768x1024.jpg\" alt=\"\" class=\"wp-image-3818\" style=\"width:395px;height:auto\" srcset=\"https:\/\/jks-erp.de\/wp-content\/uploads\/2025\/07\/IMG_2168-2-768x1024.jpg 768w, https:\/\/jks-erp.de\/wp-content\/uploads\/2025\/07\/IMG_2168-2-225x300.jpg 225w, https:\/\/jks-erp.de\/wp-content\/uploads\/2025\/07\/IMG_2168-2-1152x1536.jpg 1152w, https:\/\/jks-erp.de\/wp-content\/uploads\/2025\/07\/IMG_2168-2-1536x2048.jpg 1536w, https:\/\/jks-erp.de\/wp-content\/uploads\/2025\/07\/IMG_2168-2-scaled.jpg 1920w\" sizes=\"auto, (max-width: 768px) 100vw, 768px\" \/><\/figure>\n<\/div>\n\n\n<p class=\"has-medium-font-size\"><strong>S\u00fc\u00dfe Abk\u00fchlung zum Schuljahresende!<\/strong><\/p>\n\n\n\n<p>Kurz vor den Sommerferien gab es eine \u00dcberraschung auf dem Schulhof: Der F\u00f6rderverein spendierte jedem Kind am vorletzten Schultag ein leckeres Eis vom Eiswagen! <\/p>\n\n\n\n<p>Das war eine gelungene Abk\u00fchlung und ein super Start in die Sommerferien. <\/p>\n\n\n\n<p>Herzlichen Dank an unseren F\u00f6rderverein f\u00fcr diese tolle Aktion!<\/p>\n\n\n\n<p><\/p>\n\n\n\n<p><\/p>\n\n\n\n<p><\/p>\n\n\n\n<p><\/p>\n\n\n\n<p><\/p>\n\n\n\n<p class=\"has-white-color has-text-color has-link-color wp-elements-5a5478c742ac9dfdee63a303f4a2ba07\">bljblblb<\/p>\n\n\n\n<p class=\"has-white-color has-text-color has-link-color wp-elements-0a7708a66038f315918bc8ee30ffa9f6\">hkvkhvk<\/p>\n\n\n\n<p class=\"has-white-color has-text-color has-link-color wp-elements-0a7708a66038f315918bc8ee30ffa9f6\">hkvkhvk<\/p>\n\n\n\n<p class=\"has-white-color has-text-color has-link-color wp-elements-0a7708a66038f315918bc8ee30ffa9f6\">hkvkhvk<\/p>\n\n\n\n<p class=\"has-white-color has-text-color has-link-color wp-elements-0a7708a66038f315918bc8ee30ffa9f6\">hkvkhvk<\/p>\n\n\n\n<p class=\"has-white-color has-text-color has-link-color wp-elements-5936dcb08a5f5add53fef59a0076d038\">nlkdang<\/p>\n\n\n\n<p class=\"has-white-color has-text-color has-link-color wp-elements-0a7708a66038f315918bc8ee30ffa9f6\">hkvkhvk<\/p>\n\n\n\n<p class=\"has-white-color has-text-color has-link-color wp-elements-c645e628e62f8fbab9d9726851472d16\"><\/p>\n\n\n\n<p class=\"has-white-color has-text-color has-link-color wp-elements-0a7708a66038f315918bc8ee30ffa9f6\">hkvkhvk<\/p>\n\n\n\n<p class=\"has-white-color has-text-color has-link-color wp-elements-0a7708a66038f315918bc8ee30ffa9f6\">hkvkhvk<\/p>\n\n\n\n<p class=\"has-text-align-center has-medium-font-size\"><strong>Unsere Projektwoche<\/strong><\/p>\n\n\n\n<p>Vom 19. Mai bis zum 23. Mai fand unsere Projektwoche mit dem Motto &#8218;<strong>Gemeinsam sind wir stark<\/strong>&#8218; statt. An vier Projekttagen haben wir uns mit den Themen Toleranz und Vielfalt, Vertrauen und Respekt, Hilfsbereitschaft und Gemeinschaft sowie Verantwortungsbewusstsein und Mitbestimmung besch\u00e4ftigt.<\/p>\n\n\n\n<p>Gemeinsam haben wir uns zu verschiedenen L\u00e4ndern informiert, internationales Essen probiert, einen Tanz mit Stiften gelernt und Spiele aus aller Welt kennengelernt. Den respektvollen Umgang miteinander haben wir bei einem Blindenparcours und Vertrauensspielen ge\u00fcbt. Au\u00dferdem haben wir in Teams Murmelbahnen gebaut und mit unseren Hand- und Fingerabdr\u00fccken gestaltet.  Wir haben unsere Ideen zur Traumschule aufgemalt und sie in einer Schulversammlung zur Abstimmung gebracht.<\/p>\n\n\n\n<p>Am Freitag kam die ganze Schule auf dem Schulhof zu einem gemeinsamen Fr\u00fchst\u00fcck zusammen, bevor der Tag in den Klassen einen gemeinsamen Abschluss fand.<\/p>\n\n\n\n<p><\/p>\n\n\n\n<p class=\"has-white-color has-text-color has-link-color wp-elements-699ae3b3e6732a6fb8dd8c39cd971e2d\">&#8230;.. <\/p>\n\n\n\n<figure class=\"wp-block-gallery has-nested-images columns-default is-cropped wp-block-gallery-1 is-layout-flex wp-block-gallery-is-layout-flex\">\n<figure class=\"wp-block-image size-large\"><img loading=\"lazy\" decoding=\"async\" width=\"814\" height=\"1024\" data-id=\"3751\" src=\"https:\/\/jks-erp.de\/wp-content\/uploads\/2025\/05\/IMG_1868-4-814x1024.jpg\" alt=\"\" class=\"wp-image-3751\" srcset=\"https:\/\/jks-erp.de\/wp-content\/uploads\/2025\/05\/IMG_1868-4-814x1024.jpg 814w, https:\/\/jks-erp.de\/wp-content\/uploads\/2025\/05\/IMG_1868-4-238x300.jpg 238w, https:\/\/jks-erp.de\/wp-content\/uploads\/2025\/05\/IMG_1868-4-768x966.jpg 768w, https:\/\/jks-erp.de\/wp-content\/uploads\/2025\/05\/IMG_1868-4-1221x1536.jpg 1221w, https:\/\/jks-erp.de\/wp-content\/uploads\/2025\/05\/IMG_1868-4-1628x2048.jpg 1628w, https:\/\/jks-erp.de\/wp-content\/uploads\/2025\/05\/IMG_1868-4.jpg 1780w\" sizes=\"auto, (max-width: 814px) 100vw, 814px\" \/><\/figure>\n\n\n\n<figure class=\"wp-block-image size-large\"><img loading=\"lazy\" decoding=\"async\" width=\"1024\" height=\"555\" data-id=\"3758\" src=\"https:\/\/jks-erp.de\/wp-content\/uploads\/2025\/05\/IMG_1893-2-1024x555.jpg\" alt=\"\" class=\"wp-image-3758\" srcset=\"https:\/\/jks-erp.de\/wp-content\/uploads\/2025\/05\/IMG_1893-2-1024x555.jpg 1024w, https:\/\/jks-erp.de\/wp-content\/uploads\/2025\/05\/IMG_1893-2-300x163.jpg 300w, https:\/\/jks-erp.de\/wp-content\/uploads\/2025\/05\/IMG_1893-2-768x416.jpg 768w, https:\/\/jks-erp.de\/wp-content\/uploads\/2025\/05\/IMG_1893-2-1536x833.jpg 1536w, https:\/\/jks-erp.de\/wp-content\/uploads\/2025\/05\/IMG_1893-2-2048x1110.jpg 2048w\" sizes=\"auto, (max-width: 1024px) 100vw, 1024px\" \/><\/figure>\n<\/figure>\n\n\n\n<p><\/p>\n\n\n\n<figure class=\"wp-block-gallery has-nested-images columns-default is-cropped wp-block-gallery-2 is-layout-flex wp-block-gallery-is-layout-flex\">\n<figure class=\"wp-block-image size-large\"><img loading=\"lazy\" decoding=\"async\" width=\"922\" height=\"1024\" data-id=\"3743\" src=\"https:\/\/jks-erp.de\/wp-content\/uploads\/2025\/05\/IMG_1853-922x1024.jpg\" alt=\"\" class=\"wp-image-3743\" srcset=\"https:\/\/jks-erp.de\/wp-content\/uploads\/2025\/05\/IMG_1853-922x1024.jpg 922w, https:\/\/jks-erp.de\/wp-content\/uploads\/2025\/05\/IMG_1853-270x300.jpg 270w, https:\/\/jks-erp.de\/wp-content\/uploads\/2025\/05\/IMG_1853-768x853.jpg 768w, https:\/\/jks-erp.de\/wp-content\/uploads\/2025\/05\/IMG_1853-1382x1536.jpg 1382w, https:\/\/jks-erp.de\/wp-content\/uploads\/2025\/05\/IMG_1853-1843x2048.jpg 1843w\" sizes=\"auto, (max-width: 922px) 100vw, 922px\" \/><\/figure>\n\n\n\n<figure class=\"wp-block-image size-large\"><img loading=\"lazy\" decoding=\"async\" width=\"1024\" height=\"768\" data-id=\"3775\" src=\"https:\/\/jks-erp.de\/wp-content\/uploads\/2025\/05\/IMG_1895-1-1024x768.jpg\" alt=\"\" class=\"wp-image-3775\" srcset=\"https:\/\/jks-erp.de\/wp-content\/uploads\/2025\/05\/IMG_1895-1-1024x768.jpg 1024w, https:\/\/jks-erp.de\/wp-content\/uploads\/2025\/05\/IMG_1895-1-300x225.jpg 300w, https:\/\/jks-erp.de\/wp-content\/uploads\/2025\/05\/IMG_1895-1-768x576.jpg 768w, https:\/\/jks-erp.de\/wp-content\/uploads\/2025\/05\/IMG_1895-1-1536x1151.jpg 1536w, https:\/\/jks-erp.de\/wp-content\/uploads\/2025\/05\/IMG_1895-1.jpg 1893w\" sizes=\"auto, (max-width: 1024px) 100vw, 1024px\" \/><\/figure>\n<\/figure>\n\n\n\n<figure class=\"wp-block-image size-large\"><img loading=\"lazy\" decoding=\"async\" width=\"1024\" height=\"768\" src=\"https:\/\/jks-erp.de\/wp-content\/uploads\/2025\/05\/IMG_1845-1-1024x768.jpg\" alt=\"\" class=\"wp-image-3746\" srcset=\"https:\/\/jks-erp.de\/wp-content\/uploads\/2025\/05\/IMG_1845-1-1024x768.jpg 1024w, https:\/\/jks-erp.de\/wp-content\/uploads\/2025\/05\/IMG_1845-1-300x225.jpg 300w, https:\/\/jks-erp.de\/wp-content\/uploads\/2025\/05\/IMG_1845-1-768x576.jpg 768w, https:\/\/jks-erp.de\/wp-content\/uploads\/2025\/05\/IMG_1845-1-1536x1152.jpg 1536w, https:\/\/jks-erp.de\/wp-content\/uploads\/2025\/05\/IMG_1845-1-2048x1536.jpg 2048w\" sizes=\"auto, (max-width: 1024px) 100vw, 1024px\" \/><\/figure>\n\n\n\n<p class=\"has-white-color has-text-color has-link-color wp-elements-c645e628e62f8fbab9d9726851472d16\"><\/p>\n\n\n\n<figure class=\"wp-block-gallery has-nested-images columns-default is-cropped wp-block-gallery-3 is-layout-flex wp-block-gallery-is-layout-flex\">\n<figure class=\"wp-block-image size-large\"><img loading=\"lazy\" decoding=\"async\" width=\"1024\" height=\"824\" data-id=\"3778\" src=\"https:\/\/jks-erp.de\/wp-content\/uploads\/2025\/05\/IMG_1894-1-1024x824.jpg\" alt=\"\" class=\"wp-image-3778\" srcset=\"https:\/\/jks-erp.de\/wp-content\/uploads\/2025\/05\/IMG_1894-1-1024x824.jpg 1024w, https:\/\/jks-erp.de\/wp-content\/uploads\/2025\/05\/IMG_1894-1-300x241.jpg 300w, https:\/\/jks-erp.de\/wp-content\/uploads\/2025\/05\/IMG_1894-1-768x618.jpg 768w, https:\/\/jks-erp.de\/wp-content\/uploads\/2025\/05\/IMG_1894-1.jpg 1389w\" sizes=\"auto, (max-width: 1024px) 100vw, 1024px\" \/><\/figure>\n\n\n\n<figure class=\"wp-block-image size-large\"><img loading=\"lazy\" decoding=\"async\" width=\"768\" height=\"1024\" data-id=\"3777\" src=\"https:\/\/jks-erp.de\/wp-content\/uploads\/2025\/05\/IMG_1890-2-768x1024.jpg\" alt=\"\" class=\"wp-image-3777\" srcset=\"https:\/\/jks-erp.de\/wp-content\/uploads\/2025\/05\/IMG_1890-2-768x1024.jpg 768w, https:\/\/jks-erp.de\/wp-content\/uploads\/2025\/05\/IMG_1890-2-225x300.jpg 225w, https:\/\/jks-erp.de\/wp-content\/uploads\/2025\/05\/IMG_1890-2-1152x1536.jpg 1152w, https:\/\/jks-erp.de\/wp-content\/uploads\/2025\/05\/IMG_1890-2.jpg 1536w\" sizes=\"auto, (max-width: 768px) 100vw, 768px\" \/><\/figure>\n<\/figure>\n\n\n\n<figure class=\"wp-block-gallery has-nested-images columns-default is-cropped wp-block-gallery-4 is-layout-flex wp-block-gallery-is-layout-flex\">\n<figure class=\"wp-block-image size-large\"><img loading=\"lazy\" decoding=\"async\" width=\"1024\" height=\"768\" data-id=\"3749\" src=\"https:\/\/jks-erp.de\/wp-content\/uploads\/2025\/05\/IMG_1892-1024x768.jpg\" alt=\"\" class=\"wp-image-3749\" srcset=\"https:\/\/jks-erp.de\/wp-content\/uploads\/2025\/05\/IMG_1892-1024x768.jpg 1024w, https:\/\/jks-erp.de\/wp-content\/uploads\/2025\/05\/IMG_1892-300x225.jpg 300w, https:\/\/jks-erp.de\/wp-content\/uploads\/2025\/05\/IMG_1892-768x576.jpg 768w, https:\/\/jks-erp.de\/wp-content\/uploads\/2025\/05\/IMG_1892-1536x1152.jpg 1536w, https:\/\/jks-erp.de\/wp-content\/uploads\/2025\/05\/IMG_1892-2048x1536.jpg 2048w\" sizes=\"auto, (max-width: 1024px) 100vw, 1024px\" \/><\/figure>\n<\/figure>\n\n\n\n<p class=\"has-dark-gray-color has-text-color has-link-color wp-elements-87cd61febc8d25bedad7ce8c31bf449f\" style=\"font-size:12px\">Bildquellen: eigene Abbildungen<\/p>\n","protected":false},"excerpt":{"rendered":"<p>Herzlich Willkommen auf der Internetseite der Janusz-Korczak-Schule! Liebe Kinder, liebe Eltern, sehr geehrte Damen und Herren, die zwei Wochen unserer Aktion \u201eKeine Elterntaxis\u201c (09.03.\u201320.03.2026) sind nun vorbei \u2013 und wir m\u00f6chten uns ganz herzlich f\u00fcr Ihre Unterst\u00fctzung bedanken! Dank Ihres Engagements war es in dieser Zeit deutlich ruhiger und sicherer vor unserer Schule. Die Kinder konnten ihren Schulweg entspannter zur\u00fccklegen,<\/p>\n","protected":false},"author":1,"featured_media":0,"parent":0,"menu_order":0,"comment_status":"closed","ping_status":"closed","template":"","meta":{"ngg_post_thumbnail":0,"footnotes":""},"class_list":["post-89","page","type-page","status-publish","hentry"],"_links":{"self":[{"href":"https:\/\/jks-erp.de\/index.php?rest_route=\/wp\/v2\/pages\/89","targetHints":{"allow":["GET"]}}],"collection":[{"href":"https:\/\/jks-erp.de\/index.php?rest_route=\/wp\/v2\/pages"}],"about":[{"href":"https:\/\/jks-erp.de\/index.php?rest_route=\/wp\/v2\/types\/page"}],"author":[{"embeddable":true,"href":"https:\/\/jks-erp.de\/index.php?rest_route=\/wp\/v2\/users\/1"}],"replies":[{"embeddable":true,"href":"https:\/\/jks-erp.de\/index.php?rest_route=%2Fwp%2Fv2%2Fcomments&post=89"}],"version-history":[{"count":60,"href":"https:\/\/jks-erp.de\/index.php?rest_route=\/wp\/v2\/pages\/89\/revisions"}],"predecessor-version":[{"id":3992,"href":"https:\/\/jks-erp.de\/index.php?rest_route=\/wp\/v2\/pages\/89\/revisions\/3992"}],"wp:attachment":[{"href":"https:\/\/jks-erp.de\/index.php?rest_route=%2Fwp%2Fv2%2Fmedia&parent=89"}],"curies":[{"name":"wp","href":"https:\/\/api.w.org\/{rel}","templated":true}]}}